{"id":2385,"date":"2018-12-22T13:08:39","date_gmt":"2018-12-22T13:08:39","guid":{"rendered":"https:\/\/www.malihnog.com\/?post_type=product&#038;p=2385"},"modified":"2024-04-05T10:54:40","modified_gmt":"2024-04-05T08:54:40","slug":"baby-geometry-stripes-by-diana-nagy","status":"publish","type":"product","link":"https:\/\/www.malihnog.com\/en\/product\/baby-geometry-stripes-by-diana-nagy\/","title":{"rendered":"Baby Geometry: Stripes by Diana Nagy"},"content":{"rendered":"<p><strong>Product details:<\/strong><\/p>\n<ul>\n<li>Article number: <strong>ISBN\u00a09786155694035<\/strong><\/li>\n<li>Format: board book, pages: 18.<\/li>\n<li>This book contains only pictures, excluding the title.<\/li>\n<li>Published by: K\u00e9t Eg\u00e9r Kft., M\u00f3ra Publishing Group \/ Hungary<\/li>\n<\/ul>\n<p><strong>About Baby Geometry books:<\/strong><\/p>\n<p>Black and white, lines, patterns and playful figures: the two titles of Baby Geometry books by the popular Hungarian illustrator Diana Nagy have everything to become the first favourite books in your home, too. The high contrast of black and white pictures and the dinamically changing lines help such skills as focusing, teaming eye movement and following moving objects, natural contributing to vision and brain development. And the playful figures born out of the patterns will not only keep the book interesting for a little longer as your child grows, but also support their evolving ability of abstract, symbolic thinking. <em>Check the other title of the series<a href=\"https:\/\/www.malihnog.com\/en\/product\/baby-geometry-shapes-by-diana-nagy\/\"> here.<\/a><\/em><\/p>\n<p><img loading=\"lazy\" decoding=\"async\" class=\"wp-image-2402 alignleft\" src=\"https:\/\/www.malihnog.com\/wp-content\/uploads\/2018\/12\/Favourite-sign_LB2-2-300x286.jpg\" alt=\"\" width=\"105\" height=\"100\" srcset=\"https:\/\/www.malihnog.com\/wp-content\/uploads\/2018\/12\/Favourite-sign_LB2-2-300x286.jpg 300w, https:\/\/www.malihnog.com\/wp-content\/uploads\/2018\/12\/Favourite-sign_LB2-2-768x731.jpg 768w, https:\/\/www.malihnog.com\/wp-content\/uploads\/2018\/12\/Favourite-sign_LB2-2-800x761.jpg 800w, https:\/\/www.malihnog.com\/wp-content\/uploads\/2018\/12\/Favourite-sign_LB2-2-550x523.jpg 550w, https:\/\/www.malihnog.com\/wp-content\/uploads\/2018\/12\/Favourite-sign_LB2-2-158x150.jpg 158w, https:\/\/www.malihnog.com\/wp-content\/uploads\/2018\/12\/Favourite-sign_LB2-2-100x95.jpg 100w, https:\/\/www.malihnog.com\/wp-content\/uploads\/2018\/12\/Favourite-sign_LB2-2-50x48.jpg 50w, https:\/\/www.malihnog.com\/wp-content\/uploads\/2018\/12\/Favourite-sign_LB2-2-600x571.jpg 600w, https:\/\/www.malihnog.com\/wp-content\/uploads\/2018\/12\/Favourite-sign_LB2-2.jpg 829w\" sizes=\"auto, (max-width: 105px) 100vw, 105px\" \/><\/p>\n<p><strong>Little Bear&#8217;s Favourite:<\/strong><\/p>\n<p>It might be strange that we have brought you two books published in Hungary, but we really wanted to share these gems with you. And not only because they contain no words (except the title, of course), so are in a way universal, but also because they were such huge hits with our son in the first months. We have placed the book open in his crib, on the changing table or playmat during his alert periods, and he was naturally drawn to them every single time. He got lost in the illustrations literally for minutes. The books, with the playful figures in them, remained favorites for a long time and frequently leafed through. I think they were the most perfect newborn gifts we have got, so we would really recommend them wholeheartedly!<\/p>\n","protected":false},"excerpt":{"rendered":"<p>The Hungarian cover shouldn&#8217;t mislead you: this pictures-only board book is universal to all babies around the world. The playful black and white illustrations are not only a feast for the eyes, but also a natural helper of your baby&#8217;s vision and brain development from very early on.<\/p>\n<p><strong>Shipping:<\/strong> 2-5 days<\/p>\n","protected":false},"featured_media":3326,"template":"","meta":[],"product_brand":[],"product_cat":[2204,173,174,15],"product_tag":[83,178,180,767,766,179,177,205,770],"class_list":{"0":"post-2385","1":"product","2":"type-product","3":"status-publish","4":"has-post-thumbnail","6":"product_cat-my-first-book","7":"product_cat-books","8":"product_cat-black-white-books-cards","9":"product_cat-other","10":"product_tag-0-1-year-old","11":"product_tag-black-white","12":"product_tag-board-book","13":"product_tag-cognitive-skills","14":"product_tag-colour-and-shape-recognition","15":"product_tag-for-the-little-reader","16":"product_tag-hungarian","17":"product_tag-little-bears-favourite","18":"product_tag-visual-development","20":"first","21":"outofstock","22":"shipping-taxable","23":"purchasable","24":"product-type-simple"},"yoast_head":"<!-- This site is optimized with the Yoast SEO Premium plugin v20.9 (Yoast SEO v26.9) - https:\/\/yoast.com\/product\/yoast-seo-premium-wordpress\/ -->\n<title>Baby Geometry: Stripes by Diana Nagy | Malih nog naokrog<\/title>\n<meta name=\"description\" content=\"At Malih nog naokrog you will find a large selection of rainbow-coloured natural toys for creative, open-ended play - and the most magical childhood memories!\" \/>\n<meta name=\"robots\" content=\"index, follow, max-snippet:-1, max-image-preview:large, max-video-preview:-1\" \/>\n<link rel=\"canonical\" href=\"https:\/\/www.malihnog.com\/en\/product\/baby-geometry-stripes-by-diana-nagy\/\" \/>\n<meta property=\"og:locale\" content=\"en_US\" \/>\n<meta property=\"og:type\" content=\"article\" \/>\n<meta property=\"og:title\" content=\"Baby Geometry: Stripes by Diana Nagy | Malih nog naokrog\" \/>\n<meta property=\"og:description\" content=\"At Malih nog naokrog we believe in the power of play and childhood filled with creative play and adventures. We offer a wide and curated selection of high quality natural toys, art materials and accessories to enrich these magical years!\" \/>\n<meta property=\"og:url\" content=\"https:\/\/www.malihnog.com\/en\/product\/baby-geometry-stripes-by-diana-nagy\/\" \/>\n<meta property=\"og:site_name\" content=\"Malih nog naokrog\" \/>\n<meta property=\"article:publisher\" content=\"https:\/\/www.facebook.com\/malihnognaokrog\/\" \/>\n<meta property=\"article:modified_time\" content=\"2024-04-05T08:54:40+00:00\" \/>\n<meta property=\"og:image\" content=\"https:\/\/www.malihnog.com\/wp-content\/uploads\/2018\/12\/BabyGeometry_Lines_Cover.jpg\" \/>\n\t<meta property=\"og:image:width\" content=\"1080\" \/>\n\t<meta property=\"og:image:height\" content=\"1080\" \/>\n\t<meta property=\"og:image:type\" content=\"image\/jpeg\" \/>\n<meta name=\"twitter:card\" content=\"summary_large_image\" \/>\n<meta name=\"twitter:label1\" content=\"Price\" \/>\n\t<meta name=\"twitter:data1\" content=\"&euro;7,99\" \/>\n\t<meta name=\"twitter:label2\" content=\"Availability\" \/>\n\t<meta name=\"twitter:data2\" content=\"Out of stock\" \/>\n<script type=\"application\/ld+json\" class=\"yoast-schema-graph\">{\"@context\":\"https:\/\/schema.org\",\"@graph\":[{\"@type\":\"WebPage\",\"@id\":\"https:\/\/www.malihnog.com\/en\/product\/baby-geometry-stripes-by-diana-nagy\/\",\"url\":\"https:\/\/www.malihnog.com\/en\/product\/baby-geometry-stripes-by-diana-nagy\/\",\"name\":\"Baby Geometry: Stripes by Diana Nagy | Malih nog naokrog\",\"isPartOf\":{\"@id\":\"https:\/\/www.malihnog.com\/#website\"},\"primaryImageOfPage\":{\"@id\":\"https:\/\/www.malihnog.com\/en\/product\/baby-geometry-stripes-by-diana-nagy\/#primaryimage\"},\"image\":{\"@id\":\"https:\/\/www.malihnog.com\/en\/product\/baby-geometry-stripes-by-diana-nagy\/#primaryimage\"},\"thumbnailUrl\":\"https:\/\/www.malihnog.com\/wp-content\/uploads\/2018\/12\/BabyGeometry_Lines_Cover.jpg\",\"datePublished\":\"2018-12-22T13:08:39+00:00\",\"dateModified\":\"2024-04-05T08:54:40+00:00\",\"description\":\"At Malih nog naokrog you will find a large selection of rainbow-coloured natural toys for creative, open-ended play - and the most magical childhood memories!\",\"breadcrumb\":{\"@id\":\"https:\/\/www.malihnog.com\/en\/product\/baby-geometry-stripes-by-diana-nagy\/#breadcrumb\"},\"inLanguage\":\"en-US\",\"potentialAction\":[{\"@type\":\"ReadAction\",\"target\":[\"https:\/\/www.malihnog.com\/en\/product\/baby-geometry-stripes-by-diana-nagy\/\"]}]},{\"@type\":\"ImageObject\",\"inLanguage\":\"en-US\",\"@id\":\"https:\/\/www.malihnog.com\/en\/product\/baby-geometry-stripes-by-diana-nagy\/#primaryimage\",\"url\":\"https:\/\/www.malihnog.com\/wp-content\/uploads\/2018\/12\/BabyGeometry_Lines_Cover.jpg\",\"contentUrl\":\"https:\/\/www.malihnog.com\/wp-content\/uploads\/2018\/12\/BabyGeometry_Lines_Cover.jpg\",\"width\":1080,\"height\":1080},{\"@type\":\"BreadcrumbList\",\"@id\":\"https:\/\/www.malihnog.com\/en\/product\/baby-geometry-stripes-by-diana-nagy\/#breadcrumb\",\"itemListElement\":[{\"@type\":\"ListItem\",\"position\":1,\"name\":\"Home\",\"item\":\"https:\/\/www.malihnog.com\/en\/\"},{\"@type\":\"ListItem\",\"position\":2,\"name\":\"Shop\",\"item\":\"https:\/\/www.malihnog.com\/en\/shop\/\"},{\"@type\":\"ListItem\",\"position\":3,\"name\":\"Baby Geometry: Stripes by Diana Nagy\"}]},{\"@type\":\"WebSite\",\"@id\":\"https:\/\/www.malihnog.com\/#website\",\"url\":\"https:\/\/www.malihnog.com\/\",\"name\":\"Malih nog naokrog\",\"description\":\"Play matters\",\"publisher\":{\"@id\":\"https:\/\/www.malihnog.com\/#organization\"},\"potentialAction\":[{\"@type\":\"SearchAction\",\"target\":{\"@type\":\"EntryPoint\",\"urlTemplate\":\"https:\/\/www.malihnog.com\/?s={search_term_string}\"},\"query-input\":{\"@type\":\"PropertyValueSpecification\",\"valueRequired\":true,\"valueName\":\"search_term_string\"}}],\"inLanguage\":\"en-US\"},{\"@type\":\"Organization\",\"@id\":\"https:\/\/www.malihnog.com\/#organization\",\"name\":\"Malih nog naokrog\",\"url\":\"https:\/\/www.malihnog.com\/\",\"logo\":{\"@type\":\"ImageObject\",\"inLanguage\":\"en-US\",\"@id\":\"https:\/\/www.malihnog.com\/#\/schema\/logo\/image\/\",\"url\":\"https:\/\/www.malihnog.com\/wp-content\/uploads\/2021\/02\/Logo_Website_New3.jpg\",\"contentUrl\":\"https:\/\/www.malihnog.com\/wp-content\/uploads\/2021\/02\/Logo_Website_New3.jpg\",\"width\":540,\"height\":540,\"caption\":\"Malih nog naokrog\"},\"image\":{\"@id\":\"https:\/\/www.malihnog.com\/#\/schema\/logo\/image\/\"},\"sameAs\":[\"https:\/\/www.facebook.com\/malihnognaokrog\/\",\"https:\/\/www.instagram.com\/malihnognaokrog\/\"]}]}<\/script>\n<meta property=\"product:price:amount\" content=\"7.99\" \/>\n<meta property=\"product:price:currency\" content=\"EUR\" \/>\n<meta property=\"og:availability\" content=\"out of stock\" \/>\n<meta property=\"product:availability\" content=\"out of stock\" \/>\n<meta property=\"product:retailer_item_id\" content=\"ISBN9786155694035\" \/>\n<meta property=\"product:condition\" content=\"new\" \/>\n<!-- \/ Yoast SEO Premium plugin. -->","yoast_head_json":{"title":"Baby Geometry: Stripes by Diana Nagy | Malih nog naokrog","description":"At Malih nog naokrog you will find a large selection of rainbow-coloured natural toys for creative, open-ended play - and the most magical childhood memories!","robots":{"index":"index","follow":"follow","max-snippet":"max-snippet:-1","max-image-preview":"max-image-preview:large","max-video-preview":"max-video-preview:-1"},"canonical":"https:\/\/www.malihnog.com\/en\/product\/baby-geometry-stripes-by-diana-nagy\/","og_locale":"en_US","og_type":"article","og_title":"Baby Geometry: Stripes by Diana Nagy | Malih nog naokrog","og_description":"At Malih nog naokrog we believe in the power of play and childhood filled with creative play and adventures. We offer a wide and curated selection of high quality natural toys, art materials and accessories to enrich these magical years!","og_url":"https:\/\/www.malihnog.com\/en\/product\/baby-geometry-stripes-by-diana-nagy\/","og_site_name":"Malih nog naokrog","article_publisher":"https:\/\/www.facebook.com\/malihnognaokrog\/","article_modified_time":"2024-04-05T08:54:40+00:00","og_image":[{"width":1080,"height":1080,"url":"https:\/\/www.malihnog.com\/wp-content\/uploads\/2018\/12\/BabyGeometry_Lines_Cover.jpg","type":"image\/jpeg"}],"twitter_card":"summary_large_image","twitter_misc":{"Price":"&euro;7,99","Availability":"Out of stock"},"schema":{"@context":"https:\/\/schema.org","@graph":[{"@type":"WebPage","@id":"https:\/\/www.malihnog.com\/en\/product\/baby-geometry-stripes-by-diana-nagy\/","url":"https:\/\/www.malihnog.com\/en\/product\/baby-geometry-stripes-by-diana-nagy\/","name":"Baby Geometry: Stripes by Diana Nagy | Malih nog naokrog","isPartOf":{"@id":"https:\/\/www.malihnog.com\/#website"},"primaryImageOfPage":{"@id":"https:\/\/www.malihnog.com\/en\/product\/baby-geometry-stripes-by-diana-nagy\/#primaryimage"},"image":{"@id":"https:\/\/www.malihnog.com\/en\/product\/baby-geometry-stripes-by-diana-nagy\/#primaryimage"},"thumbnailUrl":"https:\/\/www.malihnog.com\/wp-content\/uploads\/2018\/12\/BabyGeometry_Lines_Cover.jpg","datePublished":"2018-12-22T13:08:39+00:00","dateModified":"2024-04-05T08:54:40+00:00","description":"At Malih nog naokrog you will find a large selection of rainbow-coloured natural toys for creative, open-ended play - and the most magical childhood memories!","breadcrumb":{"@id":"https:\/\/www.malihnog.com\/en\/product\/baby-geometry-stripes-by-diana-nagy\/#breadcrumb"},"inLanguage":"en-US","potentialAction":[{"@type":"ReadAction","target":["https:\/\/www.malihnog.com\/en\/product\/baby-geometry-stripes-by-diana-nagy\/"]}]},{"@type":"ImageObject","inLanguage":"en-US","@id":"https:\/\/www.malihnog.com\/en\/product\/baby-geometry-stripes-by-diana-nagy\/#primaryimage","url":"https:\/\/www.malihnog.com\/wp-content\/uploads\/2018\/12\/BabyGeometry_Lines_Cover.jpg","contentUrl":"https:\/\/www.malihnog.com\/wp-content\/uploads\/2018\/12\/BabyGeometry_Lines_Cover.jpg","width":1080,"height":1080},{"@type":"BreadcrumbList","@id":"https:\/\/www.malihnog.com\/en\/product\/baby-geometry-stripes-by-diana-nagy\/#breadcrumb","itemListElement":[{"@type":"ListItem","position":1,"name":"Home","item":"https:\/\/www.malihnog.com\/en\/"},{"@type":"ListItem","position":2,"name":"Shop","item":"https:\/\/www.malihnog.com\/en\/shop\/"},{"@type":"ListItem","position":3,"name":"Baby Geometry: Stripes by Diana Nagy"}]},{"@type":"WebSite","@id":"https:\/\/www.malihnog.com\/#website","url":"https:\/\/www.malihnog.com\/","name":"Malih nog naokrog","description":"Play matters","publisher":{"@id":"https:\/\/www.malihnog.com\/#organization"},"potentialAction":[{"@type":"SearchAction","target":{"@type":"EntryPoint","urlTemplate":"https:\/\/www.malihnog.com\/?s={search_term_string}"},"query-input":{"@type":"PropertyValueSpecification","valueRequired":true,"valueName":"search_term_string"}}],"inLanguage":"en-US"},{"@type":"Organization","@id":"https:\/\/www.malihnog.com\/#organization","name":"Malih nog naokrog","url":"https:\/\/www.malihnog.com\/","logo":{"@type":"ImageObject","inLanguage":"en-US","@id":"https:\/\/www.malihnog.com\/#\/schema\/logo\/image\/","url":"https:\/\/www.malihnog.com\/wp-content\/uploads\/2021\/02\/Logo_Website_New3.jpg","contentUrl":"https:\/\/www.malihnog.com\/wp-content\/uploads\/2021\/02\/Logo_Website_New3.jpg","width":540,"height":540,"caption":"Malih nog naokrog"},"image":{"@id":"https:\/\/www.malihnog.com\/#\/schema\/logo\/image\/"},"sameAs":["https:\/\/www.facebook.com\/malihnognaokrog\/","https:\/\/www.instagram.com\/malihnognaokrog\/"]}]},"product_price_amount":"7.99","product_price_currency":"EUR","og_availability":"out of stock","product_availability":"out of stock","product_retailer_item_id":"ISBN9786155694035","product_condition":"new"},"jetpack_sharing_enabled":true,"_links":{"self":[{"href":"https:\/\/www.malihnog.com\/en\/wp-json\/wp\/v2\/product\/2385","targetHints":{"allow":["GET"]}}],"collection":[{"href":"https:\/\/www.malihnog.com\/en\/wp-json\/wp\/v2\/product"}],"about":[{"href":"https:\/\/www.malihnog.com\/en\/wp-json\/wp\/v2\/types\/product"}],"wp:featuredmedia":[{"embeddable":true,"href":"https:\/\/www.malihnog.com\/en\/wp-json\/wp\/v2\/media\/3326"}],"wp:attachment":[{"href":"https:\/\/www.malihnog.com\/en\/wp-json\/wp\/v2\/media?parent=2385"}],"wp:term":[{"taxonomy":"product_brand","embeddable":true,"href":"https:\/\/www.malihnog.com\/en\/wp-json\/wp\/v2\/product_brand?post=2385"},{"taxonomy":"product_cat","embeddable":true,"href":"https:\/\/www.malihnog.com\/en\/wp-json\/wp\/v2\/product_cat?post=2385"},{"taxonomy":"product_tag","embeddable":true,"href":"https:\/\/www.malihnog.com\/en\/wp-json\/wp\/v2\/product_tag?post=2385"}],"curies":[{"name":"wp","href":"https:\/\/api.w.org\/{rel}","templated":true}]}}