{"id":62744,"date":"2024-04-10T13:44:21","date_gmt":"2024-04-10T11:44:21","guid":{"rendered":"https:\/\/www.malihnog.com\/?post_type=product&#038;p=62744"},"modified":"2024-04-10T14:00:07","modified_gmt":"2024-04-10T12:00:07","slug":"katarina-macurova-zakaj-noces-cveteti","status":"publish","type":"product","link":"https:\/\/www.malihnog.com\/en\/product\/katarina-macurova-zakaj-noces-cveteti\/","title":{"rendered":"Katar\u00edna Macurov\u00e1: Zakaj no\u010de\u0161 cveteti?"},"content":{"rendered":"<p><strong>Product information:<\/strong><\/p>\n<ul>\n<li><strong><strong>ISBN: 9789617172225<\/strong><\/strong><\/li>\n<li><strong>Illustrator:<\/strong> Katar\u00edna Macurov\u00e1<\/li>\n<li><strong>Translator<\/strong>: Esther Daniela Kogoj<\/li>\n<li><strong>Language<\/strong>: Slovene edition<\/li>\n<li><strong>Format<\/strong>: 21 x 29,7 cm, 32 pages , hardcover.<\/li>\n<li><strong>Recommended age<\/strong>: 3-6 years.<\/li>\n<li><strong>Publisher<\/strong>: <a href=\"https:\/\/www.malihnog.com\/en\/product-category\/books-en\/by-publisher\/hisa-knjig\/\">Hi\u0161a knjig<\/a><\/li>\n<li><strong>Date of publishing<\/strong>: 2022<\/li>\n<\/ul>\n","protected":false},"excerpt":{"rendered":"<div id=\"promoPriceBlockMessage_feature_div\" class=\"celwidget\" data-feature-name=\"promoPriceBlockMessage\" data-csa-c-type=\"widget\" data-csa-c-content-id=\"promoPriceBlockMessage\" data-csa-c-slot-id=\"promoPriceBlockMessage_feature_div\" data-csa-c-asin=\"1956560041\" data-csa-c-is-in-initial-active-row=\"false\" data-csa-c-id=\"ssohpb-vemu05-xeoot7-j6bw3l\" data-cel-widget=\"promoPriceBlockMessage_feature_div\">\n<div id=\"productAlert_feature_div\" class=\"celwidget\" data-feature-name=\"productAlert\" data-csa-c-type=\"widget\" data-csa-c-content-id=\"productAlert\" data-csa-c-slot-id=\"productAlert_feature_div\" data-csa-c-asin=\"1956560041\" data-csa-c-is-in-initial-active-row=\"false\" data-csa-c-id=\"yhkm8f-ogec1y-9yri1m-v0b7eu\" data-cel-widget=\"productAlert_feature_div\">\n<div class=\"a-expander-collapsed-height a-row a-expander-container a-spacing-base a-expander-partial-collapse-container\" data-a-expander-name=\"book_description_expander\" data-a-expander-collapsed-height=\"140\">\n<div class=\"a-expander-content a-expander-partial-collapse-content a-expander-content-expanded\" aria-expanded=\"true\">\n<div class=\"a-expander-content a-expander-partial-collapse-content a-expander-content-expanded\" aria-expanded=\"true\">\n<p>&#8220;How lovely it is!&#8221; rejoiced the bear, on discovering a strange plant in his garden. Every day he watered it and shielded it from the sun with a parasol, and he never forgot to say &#8220;Good night&#8221; to it before bedtime. But the plant didn\u2019t react. &#8220;Why won\u2019t you bloom?&#8221; brooded the little gardener. But little did he know what was going on underground!<\/p>\n<\/div>\n<\/div>\n<\/div>\n<\/div>\n<\/div>\n<p><strong>Recommended age: 3-6 years.<\/strong><\/p>\n<p><em>Important: please note that this book is a Slovene edition.<\/em><\/p>\n<p><strong>Shipping:<\/strong> 2-5 days<\/p>\n","protected":false},"featured_media":62746,"template":"","meta":[],"product_brand":[],"product_cat":[2092,2094,2115,2118,2200,2198],"product_tag":[84,476,2122],"class_list":{"0":"post-62744","1":"product","2":"type-product","3":"status-publish","4":"has-post-thumbnail","6":"product_cat-books-en","7":"product_cat-children-books","8":"product_cat-hisa-knjig","9":"product_cat-fairytale-worlds-book-club","10":"product_cat-secret-garden","11":"product_cat-spring-books","12":"product_tag-3-6-years-old","13":"product_tag-easter","14":"product_tag-picture-book","16":"first","17":"outofstock","18":"shipping-taxable","19":"purchasable","20":"product-type-simple"},"yoast_head":"<!-- This site is optimized with the Yoast SEO Premium plugin v20.9 (Yoast SEO v26.9) - https:\/\/yoast.com\/product\/yoast-seo-premium-wordpress\/ -->\n<title>Katar\u00edna Macurov\u00e1: Zakaj no\u010de\u0161 cveteti? | Malih nog naokrog<\/title>\n<meta name=\"description\" content=\"At Malih nog naokrog you will find a large selection of rainbow-coloured natural toys for creative, open-ended play - and the most magical childhood memories!\" \/>\n<meta name=\"robots\" content=\"index, follow, max-snippet:-1, max-image-preview:large, max-video-preview:-1\" \/>\n<link rel=\"canonical\" href=\"https:\/\/www.malihnog.com\/en\/product\/katarina-macurova-zakaj-noces-cveteti\/\" \/>\n<meta property=\"og:locale\" content=\"en_US\" \/>\n<meta property=\"og:type\" content=\"article\" \/>\n<meta property=\"og:title\" content=\"Katar\u00edna Macurov\u00e1: Zakaj no\u010de\u0161 cveteti? | Malih nog naokrog\" \/>\n<meta property=\"og:description\" content=\"At Malih nog naokrog we believe in the power of play and childhood filled with creative play and adventures. We offer a wide and curated selection of high quality natural toys, art materials and accessories to enrich these magical years!\" \/>\n<meta property=\"og:url\" content=\"https:\/\/www.malihnog.com\/en\/product\/katarina-macurova-zakaj-noces-cveteti\/\" \/>\n<meta property=\"og:site_name\" content=\"Malih nog naokrog\" \/>\n<meta property=\"article:publisher\" content=\"https:\/\/www.facebook.com\/malihnognaokrog\/\" \/>\n<meta property=\"article:modified_time\" content=\"2024-04-10T12:00:07+00:00\" \/>\n<meta property=\"og:image\" content=\"https:\/\/www.malihnog.com\/wp-content\/uploads\/2024\/04\/Hisa-Knjig_Zakaj-noces-cveteti_ISBN9789617172225.jpg\" \/>\n\t<meta property=\"og:image:width\" content=\"1080\" \/>\n\t<meta property=\"og:image:height\" content=\"1080\" \/>\n\t<meta property=\"og:image:type\" content=\"image\/jpeg\" \/>\n<meta name=\"twitter:card\" content=\"summary_large_image\" \/>\n<meta name=\"twitter:label1\" content=\"Price\" \/>\n\t<meta name=\"twitter:data1\" content=\"&euro;19,90\" \/>\n\t<meta name=\"twitter:label2\" content=\"Availability\" \/>\n\t<meta name=\"twitter:data2\" content=\"Out of stock\" \/>\n<script type=\"application\/ld+json\" class=\"yoast-schema-graph\">{\"@context\":\"https:\/\/schema.org\",\"@graph\":[{\"@type\":\"WebPage\",\"@id\":\"https:\/\/www.malihnog.com\/en\/product\/katarina-macurova-zakaj-noces-cveteti\/\",\"url\":\"https:\/\/www.malihnog.com\/en\/product\/katarina-macurova-zakaj-noces-cveteti\/\",\"name\":\"Katar\u00edna Macurov\u00e1: Zakaj no\u010de\u0161 cveteti? | Malih nog naokrog\",\"isPartOf\":{\"@id\":\"https:\/\/www.malihnog.com\/#website\"},\"primaryImageOfPage\":{\"@id\":\"https:\/\/www.malihnog.com\/en\/product\/katarina-macurova-zakaj-noces-cveteti\/#primaryimage\"},\"image\":{\"@id\":\"https:\/\/www.malihnog.com\/en\/product\/katarina-macurova-zakaj-noces-cveteti\/#primaryimage\"},\"thumbnailUrl\":\"https:\/\/www.malihnog.com\/wp-content\/uploads\/2024\/04\/Hisa-Knjig_Zakaj-noces-cveteti_ISBN9789617172225.jpg\",\"datePublished\":\"2024-04-10T11:44:21+00:00\",\"dateModified\":\"2024-04-10T12:00:07+00:00\",\"description\":\"At Malih nog naokrog you will find a large selection of rainbow-coloured natural toys for creative, open-ended play - and the most magical childhood memories!\",\"breadcrumb\":{\"@id\":\"https:\/\/www.malihnog.com\/en\/product\/katarina-macurova-zakaj-noces-cveteti\/#breadcrumb\"},\"inLanguage\":\"en-US\",\"potentialAction\":[{\"@type\":\"ReadAction\",\"target\":[\"https:\/\/www.malihnog.com\/en\/product\/katarina-macurova-zakaj-noces-cveteti\/\"]}]},{\"@type\":\"ImageObject\",\"inLanguage\":\"en-US\",\"@id\":\"https:\/\/www.malihnog.com\/en\/product\/katarina-macurova-zakaj-noces-cveteti\/#primaryimage\",\"url\":\"https:\/\/www.malihnog.com\/wp-content\/uploads\/2024\/04\/Hisa-Knjig_Zakaj-noces-cveteti_ISBN9789617172225.jpg\",\"contentUrl\":\"https:\/\/www.malihnog.com\/wp-content\/uploads\/2024\/04\/Hisa-Knjig_Zakaj-noces-cveteti_ISBN9789617172225.jpg\",\"width\":1080,\"height\":1080},{\"@type\":\"BreadcrumbList\",\"@id\":\"https:\/\/www.malihnog.com\/en\/product\/katarina-macurova-zakaj-noces-cveteti\/#breadcrumb\",\"itemListElement\":[{\"@type\":\"ListItem\",\"position\":1,\"name\":\"Home\",\"item\":\"https:\/\/www.malihnog.com\/en\/\"},{\"@type\":\"ListItem\",\"position\":2,\"name\":\"Shop\",\"item\":\"https:\/\/www.malihnog.com\/en\/shop\/\"},{\"@type\":\"ListItem\",\"position\":3,\"name\":\"Katar\u00edna Macurov\u00e1: Zakaj no\u010de\u0161 cveteti?\"}]},{\"@type\":\"WebSite\",\"@id\":\"https:\/\/www.malihnog.com\/#website\",\"url\":\"https:\/\/www.malihnog.com\/\",\"name\":\"Malih nog naokrog\",\"description\":\"Play matters\",\"publisher\":{\"@id\":\"https:\/\/www.malihnog.com\/#organization\"},\"potentialAction\":[{\"@type\":\"SearchAction\",\"target\":{\"@type\":\"EntryPoint\",\"urlTemplate\":\"https:\/\/www.malihnog.com\/?s={search_term_string}\"},\"query-input\":{\"@type\":\"PropertyValueSpecification\",\"valueRequired\":true,\"valueName\":\"search_term_string\"}}],\"inLanguage\":\"en-US\"},{\"@type\":\"Organization\",\"@id\":\"https:\/\/www.malihnog.com\/#organization\",\"name\":\"Malih nog naokrog\",\"url\":\"https:\/\/www.malihnog.com\/\",\"logo\":{\"@type\":\"ImageObject\",\"inLanguage\":\"en-US\",\"@id\":\"https:\/\/www.malihnog.com\/#\/schema\/logo\/image\/\",\"url\":\"https:\/\/www.malihnog.com\/wp-content\/uploads\/2021\/02\/Logo_Website_New3.jpg\",\"contentUrl\":\"https:\/\/www.malihnog.com\/wp-content\/uploads\/2021\/02\/Logo_Website_New3.jpg\",\"width\":540,\"height\":540,\"caption\":\"Malih nog naokrog\"},\"image\":{\"@id\":\"https:\/\/www.malihnog.com\/#\/schema\/logo\/image\/\"},\"sameAs\":[\"https:\/\/www.facebook.com\/malihnognaokrog\/\",\"https:\/\/www.instagram.com\/malihnognaokrog\/\"]}]}<\/script>\n<meta property=\"product:price:amount\" content=\"19.90\" \/>\n<meta property=\"product:price:currency\" content=\"EUR\" \/>\n<meta property=\"og:availability\" content=\"out of stock\" \/>\n<meta property=\"product:availability\" content=\"out of stock\" \/>\n<meta property=\"product:retailer_item_id\" content=\"ISBN9789617172225\" \/>\n<meta property=\"product:condition\" content=\"new\" \/>\n<!-- \/ Yoast SEO Premium plugin. -->","yoast_head_json":{"title":"Katar\u00edna Macurov\u00e1: Zakaj no\u010de\u0161 cveteti? | Malih nog naokrog","description":"At Malih nog naokrog you will find a large selection of rainbow-coloured natural toys for creative, open-ended play - and the most magical childhood memories!","robots":{"index":"index","follow":"follow","max-snippet":"max-snippet:-1","max-image-preview":"max-image-preview:large","max-video-preview":"max-video-preview:-1"},"canonical":"https:\/\/www.malihnog.com\/en\/product\/katarina-macurova-zakaj-noces-cveteti\/","og_locale":"en_US","og_type":"article","og_title":"Katar\u00edna Macurov\u00e1: Zakaj no\u010de\u0161 cveteti? | Malih nog naokrog","og_description":"At Malih nog naokrog we believe in the power of play and childhood filled with creative play and adventures. We offer a wide and curated selection of high quality natural toys, art materials and accessories to enrich these magical years!","og_url":"https:\/\/www.malihnog.com\/en\/product\/katarina-macurova-zakaj-noces-cveteti\/","og_site_name":"Malih nog naokrog","article_publisher":"https:\/\/www.facebook.com\/malihnognaokrog\/","article_modified_time":"2024-04-10T12:00:07+00:00","og_image":[{"width":1080,"height":1080,"url":"https:\/\/www.malihnog.com\/wp-content\/uploads\/2024\/04\/Hisa-Knjig_Zakaj-noces-cveteti_ISBN9789617172225.jpg","type":"image\/jpeg"}],"twitter_card":"summary_large_image","twitter_misc":{"Price":"&euro;19,90","Availability":"Out of stock"},"schema":{"@context":"https:\/\/schema.org","@graph":[{"@type":"WebPage","@id":"https:\/\/www.malihnog.com\/en\/product\/katarina-macurova-zakaj-noces-cveteti\/","url":"https:\/\/www.malihnog.com\/en\/product\/katarina-macurova-zakaj-noces-cveteti\/","name":"Katar\u00edna Macurov\u00e1: Zakaj no\u010de\u0161 cveteti? | Malih nog naokrog","isPartOf":{"@id":"https:\/\/www.malihnog.com\/#website"},"primaryImageOfPage":{"@id":"https:\/\/www.malihnog.com\/en\/product\/katarina-macurova-zakaj-noces-cveteti\/#primaryimage"},"image":{"@id":"https:\/\/www.malihnog.com\/en\/product\/katarina-macurova-zakaj-noces-cveteti\/#primaryimage"},"thumbnailUrl":"https:\/\/www.malihnog.com\/wp-content\/uploads\/2024\/04\/Hisa-Knjig_Zakaj-noces-cveteti_ISBN9789617172225.jpg","datePublished":"2024-04-10T11:44:21+00:00","dateModified":"2024-04-10T12:00:07+00:00","description":"At Malih nog naokrog you will find a large selection of rainbow-coloured natural toys for creative, open-ended play - and the most magical childhood memories!","breadcrumb":{"@id":"https:\/\/www.malihnog.com\/en\/product\/katarina-macurova-zakaj-noces-cveteti\/#breadcrumb"},"inLanguage":"en-US","potentialAction":[{"@type":"ReadAction","target":["https:\/\/www.malihnog.com\/en\/product\/katarina-macurova-zakaj-noces-cveteti\/"]}]},{"@type":"ImageObject","inLanguage":"en-US","@id":"https:\/\/www.malihnog.com\/en\/product\/katarina-macurova-zakaj-noces-cveteti\/#primaryimage","url":"https:\/\/www.malihnog.com\/wp-content\/uploads\/2024\/04\/Hisa-Knjig_Zakaj-noces-cveteti_ISBN9789617172225.jpg","contentUrl":"https:\/\/www.malihnog.com\/wp-content\/uploads\/2024\/04\/Hisa-Knjig_Zakaj-noces-cveteti_ISBN9789617172225.jpg","width":1080,"height":1080},{"@type":"BreadcrumbList","@id":"https:\/\/www.malihnog.com\/en\/product\/katarina-macurova-zakaj-noces-cveteti\/#breadcrumb","itemListElement":[{"@type":"ListItem","position":1,"name":"Home","item":"https:\/\/www.malihnog.com\/en\/"},{"@type":"ListItem","position":2,"name":"Shop","item":"https:\/\/www.malihnog.com\/en\/shop\/"},{"@type":"ListItem","position":3,"name":"Katar\u00edna Macurov\u00e1: Zakaj no\u010de\u0161 cveteti?"}]},{"@type":"WebSite","@id":"https:\/\/www.malihnog.com\/#website","url":"https:\/\/www.malihnog.com\/","name":"Malih nog naokrog","description":"Play matters","publisher":{"@id":"https:\/\/www.malihnog.com\/#organization"},"potentialAction":[{"@type":"SearchAction","target":{"@type":"EntryPoint","urlTemplate":"https:\/\/www.malihnog.com\/?s={search_term_string}"},"query-input":{"@type":"PropertyValueSpecification","valueRequired":true,"valueName":"search_term_string"}}],"inLanguage":"en-US"},{"@type":"Organization","@id":"https:\/\/www.malihnog.com\/#organization","name":"Malih nog naokrog","url":"https:\/\/www.malihnog.com\/","logo":{"@type":"ImageObject","inLanguage":"en-US","@id":"https:\/\/www.malihnog.com\/#\/schema\/logo\/image\/","url":"https:\/\/www.malihnog.com\/wp-content\/uploads\/2021\/02\/Logo_Website_New3.jpg","contentUrl":"https:\/\/www.malihnog.com\/wp-content\/uploads\/2021\/02\/Logo_Website_New3.jpg","width":540,"height":540,"caption":"Malih nog naokrog"},"image":{"@id":"https:\/\/www.malihnog.com\/#\/schema\/logo\/image\/"},"sameAs":["https:\/\/www.facebook.com\/malihnognaokrog\/","https:\/\/www.instagram.com\/malihnognaokrog\/"]}]},"product_price_amount":"19.90","product_price_currency":"EUR","og_availability":"out of stock","product_availability":"out of stock","product_retailer_item_id":"ISBN9789617172225","product_condition":"new"},"jetpack_sharing_enabled":true,"_links":{"self":[{"href":"https:\/\/www.malihnog.com\/en\/wp-json\/wp\/v2\/product\/62744","targetHints":{"allow":["GET"]}}],"collection":[{"href":"https:\/\/www.malihnog.com\/en\/wp-json\/wp\/v2\/product"}],"about":[{"href":"https:\/\/www.malihnog.com\/en\/wp-json\/wp\/v2\/types\/product"}],"wp:featuredmedia":[{"embeddable":true,"href":"https:\/\/www.malihnog.com\/en\/wp-json\/wp\/v2\/media\/62746"}],"wp:attachment":[{"href":"https:\/\/www.malihnog.com\/en\/wp-json\/wp\/v2\/media?parent=62744"}],"wp:term":[{"taxonomy":"product_brand","embeddable":true,"href":"https:\/\/www.malihnog.com\/en\/wp-json\/wp\/v2\/product_brand?post=62744"},{"taxonomy":"product_cat","embeddable":true,"href":"https:\/\/www.malihnog.com\/en\/wp-json\/wp\/v2\/product_cat?post=62744"},{"taxonomy":"product_tag","embeddable":true,"href":"https:\/\/www.malihnog.com\/en\/wp-json\/wp\/v2\/product_tag?post=62744"}],"curies":[{"name":"wp","href":"https:\/\/api.w.org\/{rel}","templated":true}]}}