{"id":63851,"date":"2024-05-19T13:11:00","date_gmt":"2024-05-19T11:11:00","guid":{"rendered":"https:\/\/www.malihnog.com\/?post_type=product&#038;p=63851"},"modified":"2024-05-19T13:53:05","modified_gmt":"2024-05-19T11:53:05","slug":"barbro-lindgren-zgodba-o-malem-starem-mozu","status":"publish","type":"product","link":"https:\/\/www.malihnog.com\/en\/product\/barbro-lindgren-zgodba-o-malem-starem-mozu\/","title":{"rendered":"Barbro Lindgren: Zgodba o malem starem mo\u017eu"},"content":{"rendered":"<p><strong>Product information: <\/strong><\/p>\n<ul>\n<li><strong>ISBN: 9789616994781<br \/>\n<\/strong><\/li>\n<li><strong>Illustrator:<\/strong> Eva Eriksson<\/li>\n<li><strong>Translator<\/strong>: Danni Stra\u017ear<\/li>\n<li><strong>Language<\/strong>: Slovene edition<\/li>\n<li><strong>Format<\/strong>: 40 pages, hardcover.<\/li>\n<li><strong>Recommended age<\/strong>: 4-8 years<\/li>\n<li><strong>Publisher<\/strong>: <a href=\"https:\/\/www.malihnog.com\/en\/product-category\/books-en\/by-publisher\/zala\/\">Zala<\/a><\/li>\n<li><strong>Publishing year:<\/strong> 2021<\/li>\n<\/ul>\n<p>&nbsp;<\/p>\n<p>&nbsp;<\/p>\n","protected":false},"excerpt":{"rendered":"<div id=\"promoPriceBlockMessage_feature_div\" class=\"celwidget\" data-feature-name=\"promoPriceBlockMessage\" data-csa-c-type=\"widget\" data-csa-c-content-id=\"promoPriceBlockMessage\" data-csa-c-slot-id=\"promoPriceBlockMessage_feature_div\" data-csa-c-asin=\"1956560041\" data-csa-c-is-in-initial-active-row=\"false\" data-csa-c-id=\"ssohpb-vemu05-xeoot7-j6bw3l\" data-cel-widget=\"promoPriceBlockMessage_feature_div\">\n<div id=\"productAlert_feature_div\" class=\"celwidget\" data-feature-name=\"productAlert\" data-csa-c-type=\"widget\" data-csa-c-content-id=\"productAlert\" data-csa-c-slot-id=\"productAlert_feature_div\" data-csa-c-asin=\"1956560041\" data-csa-c-is-in-initial-active-row=\"false\" data-csa-c-id=\"yhkm8f-ogec1y-9yri1m-v0b7eu\" data-cel-widget=\"productAlert_feature_div\">\n<div class=\"a-expander-collapsed-height a-row a-expander-container a-spacing-base a-expander-partial-collapse-container\" data-a-expander-name=\"book_description_expander\" data-a-expander-collapsed-height=\"140\">\n<div class=\"a-expander-content a-expander-partial-collapse-content a-expander-content-expanded\" aria-expanded=\"true\">\n<div class=\"a-expander-content a-expander-partial-collapse-content a-expander-content-expanded\" aria-expanded=\"true\">\n<div class=\"col sqs-col-6 span-6\">\n<div id=\"block-708872254ab9fd1ba185\" class=\"sqs-block html-block sqs-block-html\" data-block-type=\"2\">\n<div class=\"sqs-block-content\">\n<div class=\"sqs-html-content\">\n<p>The tale of the little old man is a timeless story of loneliness and friendship, of sadness and joy. The little old man is very lonely, yearning for companionship, but no one notices him. One day, as he sits on the steps, a friendly dog places its snout in his hand. The little old man is overjoyed; he has finally found a friend! However, one day they meet a girl who enchants the dog, and the dog enchants her. The old man feels sad again. Will he be alone and forgotten once more? Or will he find his happy place under the sky? Some friendships are strong, and there are both people and animals who are loyal and full of love and compassion.<\/p>\n<p>This touching picture book teaches children about making and sharing friends, feeling left out, and understanding group dynamics. Full of emotion, it also promotes self-esteem and empathy. Perfect for reading aloud with preschoolers or for young children learning to read on their own.<\/p>\n<\/div>\n<p><strong>Recommended age: 4-8 years. Knjiga je nagrajena znakom za kakovost Zlata hru\u0161ka, presti\u017eno literarno nagrado za otro\u0161ko in mladinsko knjigo v Sloveniji.<\/strong><\/p>\n<\/div>\n<\/div>\n<\/div>\n<\/div>\n<\/div>\n<\/div>\n<\/div>\n<\/div>\n<p><em>Important: please note that this book is a Slovene edition.<\/em><\/p>\n<p><strong>Shipping:<\/strong> 2-5 days<\/p>\n","protected":false},"featured_media":63853,"template":"","meta":[],"product_brand":[],"product_cat":[2092,2094,2157,2118,2196,2120],"product_tag":[84,2122],"class_list":{"0":"post-63851","1":"product","2":"type-product","3":"status-publish","4":"has-post-thumbnail","6":"product_cat-books-en","7":"product_cat-children-books","8":"product_cat-zala","9":"product_cat-fairytale-worlds-book-club","10":"product_cat-family-and-friends","11":"product_cat-emotions","12":"product_tag-3-6-years-old","13":"product_tag-picture-book","15":"first","16":"instock","17":"shipping-taxable","18":"purchasable","19":"product-type-simple"},"yoast_head":"<!-- This site is optimized with the Yoast SEO Premium plugin v20.9 (Yoast SEO v26.9) - https:\/\/yoast.com\/product\/yoast-seo-premium-wordpress\/ -->\n<title>Barbro Lindgren: Zgodba o malem starem mo\u017eu | Malih nog naokrog<\/title>\n<meta name=\"description\" content=\"At Malih nog naokrog you will find a large selection of rainbow-coloured natural toys for creative, open-ended play - and the most magical childhood memories!\" \/>\n<meta name=\"robots\" content=\"index, follow, max-snippet:-1, max-image-preview:large, max-video-preview:-1\" \/>\n<link rel=\"canonical\" href=\"https:\/\/www.malihnog.com\/en\/product\/barbro-lindgren-zgodba-o-malem-starem-mozu\/\" \/>\n<meta property=\"og:locale\" content=\"en_US\" \/>\n<meta property=\"og:type\" content=\"article\" \/>\n<meta property=\"og:title\" content=\"Barbro Lindgren: Zgodba o malem starem mo\u017eu | Malih nog naokrog\" \/>\n<meta property=\"og:description\" content=\"At Malih nog naokrog we believe in the power of play and childhood filled with creative play and adventures. We offer a wide and curated selection of high quality natural toys, art materials and accessories to enrich these magical years!\" \/>\n<meta property=\"og:url\" content=\"https:\/\/www.malihnog.com\/en\/product\/barbro-lindgren-zgodba-o-malem-starem-mozu\/\" \/>\n<meta property=\"og:site_name\" content=\"Malih nog naokrog\" \/>\n<meta property=\"article:publisher\" content=\"https:\/\/www.facebook.com\/malihnognaokrog\/\" \/>\n<meta property=\"article:modified_time\" content=\"2024-05-19T11:53:05+00:00\" \/>\n<meta property=\"og:image\" content=\"https:\/\/www.malihnog.com\/wp-content\/uploads\/2024\/05\/Zalozba-Zala_Zgodba-o-malem-starem-mozu_ISBN9789616994781.jpg\" \/>\n\t<meta property=\"og:image:width\" content=\"1080\" \/>\n\t<meta property=\"og:image:height\" content=\"1080\" \/>\n\t<meta property=\"og:image:type\" content=\"image\/jpeg\" \/>\n<meta name=\"twitter:card\" content=\"summary_large_image\" \/>\n<meta name=\"twitter:label1\" content=\"Price\" \/>\n\t<meta name=\"twitter:data1\" content=\"&euro;21,00\" \/>\n\t<meta name=\"twitter:label2\" content=\"Availability\" \/>\n\t<meta name=\"twitter:data2\" content=\"In stock\" \/>\n<script type=\"application\/ld+json\" class=\"yoast-schema-graph\">{\"@context\":\"https:\/\/schema.org\",\"@graph\":[{\"@type\":\"WebPage\",\"@id\":\"https:\/\/www.malihnog.com\/en\/product\/barbro-lindgren-zgodba-o-malem-starem-mozu\/\",\"url\":\"https:\/\/www.malihnog.com\/en\/product\/barbro-lindgren-zgodba-o-malem-starem-mozu\/\",\"name\":\"Barbro Lindgren: Zgodba o malem starem mo\u017eu | Malih nog naokrog\",\"isPartOf\":{\"@id\":\"https:\/\/www.malihnog.com\/#website\"},\"primaryImageOfPage\":{\"@id\":\"https:\/\/www.malihnog.com\/en\/product\/barbro-lindgren-zgodba-o-malem-starem-mozu\/#primaryimage\"},\"image\":{\"@id\":\"https:\/\/www.malihnog.com\/en\/product\/barbro-lindgren-zgodba-o-malem-starem-mozu\/#primaryimage\"},\"thumbnailUrl\":\"https:\/\/www.malihnog.com\/wp-content\/uploads\/2024\/05\/Zalozba-Zala_Zgodba-o-malem-starem-mozu_ISBN9789616994781.jpg\",\"datePublished\":\"2024-05-19T11:11:00+00:00\",\"dateModified\":\"2024-05-19T11:53:05+00:00\",\"description\":\"At Malih nog naokrog you will find a large selection of rainbow-coloured natural toys for creative, open-ended play - and the most magical childhood memories!\",\"breadcrumb\":{\"@id\":\"https:\/\/www.malihnog.com\/en\/product\/barbro-lindgren-zgodba-o-malem-starem-mozu\/#breadcrumb\"},\"inLanguage\":\"en-US\",\"potentialAction\":[{\"@type\":\"ReadAction\",\"target\":[\"https:\/\/www.malihnog.com\/en\/product\/barbro-lindgren-zgodba-o-malem-starem-mozu\/\"]}]},{\"@type\":\"ImageObject\",\"inLanguage\":\"en-US\",\"@id\":\"https:\/\/www.malihnog.com\/en\/product\/barbro-lindgren-zgodba-o-malem-starem-mozu\/#primaryimage\",\"url\":\"https:\/\/www.malihnog.com\/wp-content\/uploads\/2024\/05\/Zalozba-Zala_Zgodba-o-malem-starem-mozu_ISBN9789616994781.jpg\",\"contentUrl\":\"https:\/\/www.malihnog.com\/wp-content\/uploads\/2024\/05\/Zalozba-Zala_Zgodba-o-malem-starem-mozu_ISBN9789616994781.jpg\",\"width\":1080,\"height\":1080},{\"@type\":\"BreadcrumbList\",\"@id\":\"https:\/\/www.malihnog.com\/en\/product\/barbro-lindgren-zgodba-o-malem-starem-mozu\/#breadcrumb\",\"itemListElement\":[{\"@type\":\"ListItem\",\"position\":1,\"name\":\"Home\",\"item\":\"https:\/\/www.malihnog.com\/en\/\"},{\"@type\":\"ListItem\",\"position\":2,\"name\":\"Shop\",\"item\":\"https:\/\/www.malihnog.com\/en\/shop\/\"},{\"@type\":\"ListItem\",\"position\":3,\"name\":\"Barbro Lindgren: Zgodba o malem starem mo\u017eu\"}]},{\"@type\":\"WebSite\",\"@id\":\"https:\/\/www.malihnog.com\/#website\",\"url\":\"https:\/\/www.malihnog.com\/\",\"name\":\"Malih nog naokrog\",\"description\":\"Play matters\",\"publisher\":{\"@id\":\"https:\/\/www.malihnog.com\/#organization\"},\"potentialAction\":[{\"@type\":\"SearchAction\",\"target\":{\"@type\":\"EntryPoint\",\"urlTemplate\":\"https:\/\/www.malihnog.com\/?s={search_term_string}\"},\"query-input\":{\"@type\":\"PropertyValueSpecification\",\"valueRequired\":true,\"valueName\":\"search_term_string\"}}],\"inLanguage\":\"en-US\"},{\"@type\":\"Organization\",\"@id\":\"https:\/\/www.malihnog.com\/#organization\",\"name\":\"Malih nog naokrog\",\"url\":\"https:\/\/www.malihnog.com\/\",\"logo\":{\"@type\":\"ImageObject\",\"inLanguage\":\"en-US\",\"@id\":\"https:\/\/www.malihnog.com\/#\/schema\/logo\/image\/\",\"url\":\"https:\/\/www.malihnog.com\/wp-content\/uploads\/2021\/02\/Logo_Website_New3.jpg\",\"contentUrl\":\"https:\/\/www.malihnog.com\/wp-content\/uploads\/2021\/02\/Logo_Website_New3.jpg\",\"width\":540,\"height\":540,\"caption\":\"Malih nog naokrog\"},\"image\":{\"@id\":\"https:\/\/www.malihnog.com\/#\/schema\/logo\/image\/\"},\"sameAs\":[\"https:\/\/www.facebook.com\/malihnognaokrog\/\",\"https:\/\/www.instagram.com\/malihnognaokrog\/\"]}]}<\/script>\n<meta property=\"product:price:amount\" content=\"21.00\" \/>\n<meta property=\"product:price:currency\" content=\"EUR\" \/>\n<meta property=\"og:availability\" content=\"instock\" \/>\n<meta property=\"product:availability\" content=\"instock\" \/>\n<meta property=\"product:retailer_item_id\" content=\"ISBN9789616994781\" \/>\n<meta property=\"product:condition\" content=\"new\" \/>\n<!-- \/ Yoast SEO Premium plugin. -->","yoast_head_json":{"title":"Barbro Lindgren: Zgodba o malem starem mo\u017eu | Malih nog naokrog","description":"At Malih nog naokrog you will find a large selection of rainbow-coloured natural toys for creative, open-ended play - and the most magical childhood memories!","robots":{"index":"index","follow":"follow","max-snippet":"max-snippet:-1","max-image-preview":"max-image-preview:large","max-video-preview":"max-video-preview:-1"},"canonical":"https:\/\/www.malihnog.com\/en\/product\/barbro-lindgren-zgodba-o-malem-starem-mozu\/","og_locale":"en_US","og_type":"article","og_title":"Barbro Lindgren: Zgodba o malem starem mo\u017eu | Malih nog naokrog","og_description":"At Malih nog naokrog we believe in the power of play and childhood filled with creative play and adventures. We offer a wide and curated selection of high quality natural toys, art materials and accessories to enrich these magical years!","og_url":"https:\/\/www.malihnog.com\/en\/product\/barbro-lindgren-zgodba-o-malem-starem-mozu\/","og_site_name":"Malih nog naokrog","article_publisher":"https:\/\/www.facebook.com\/malihnognaokrog\/","article_modified_time":"2024-05-19T11:53:05+00:00","og_image":[{"width":1080,"height":1080,"url":"https:\/\/www.malihnog.com\/wp-content\/uploads\/2024\/05\/Zalozba-Zala_Zgodba-o-malem-starem-mozu_ISBN9789616994781.jpg","type":"image\/jpeg"}],"twitter_card":"summary_large_image","twitter_misc":{"Price":"&euro;21,00","Availability":"In stock"},"schema":{"@context":"https:\/\/schema.org","@graph":[{"@type":"WebPage","@id":"https:\/\/www.malihnog.com\/en\/product\/barbro-lindgren-zgodba-o-malem-starem-mozu\/","url":"https:\/\/www.malihnog.com\/en\/product\/barbro-lindgren-zgodba-o-malem-starem-mozu\/","name":"Barbro Lindgren: Zgodba o malem starem mo\u017eu | Malih nog naokrog","isPartOf":{"@id":"https:\/\/www.malihnog.com\/#website"},"primaryImageOfPage":{"@id":"https:\/\/www.malihnog.com\/en\/product\/barbro-lindgren-zgodba-o-malem-starem-mozu\/#primaryimage"},"image":{"@id":"https:\/\/www.malihnog.com\/en\/product\/barbro-lindgren-zgodba-o-malem-starem-mozu\/#primaryimage"},"thumbnailUrl":"https:\/\/www.malihnog.com\/wp-content\/uploads\/2024\/05\/Zalozba-Zala_Zgodba-o-malem-starem-mozu_ISBN9789616994781.jpg","datePublished":"2024-05-19T11:11:00+00:00","dateModified":"2024-05-19T11:53:05+00:00","description":"At Malih nog naokrog you will find a large selection of rainbow-coloured natural toys for creative, open-ended play - and the most magical childhood memories!","breadcrumb":{"@id":"https:\/\/www.malihnog.com\/en\/product\/barbro-lindgren-zgodba-o-malem-starem-mozu\/#breadcrumb"},"inLanguage":"en-US","potentialAction":[{"@type":"ReadAction","target":["https:\/\/www.malihnog.com\/en\/product\/barbro-lindgren-zgodba-o-malem-starem-mozu\/"]}]},{"@type":"ImageObject","inLanguage":"en-US","@id":"https:\/\/www.malihnog.com\/en\/product\/barbro-lindgren-zgodba-o-malem-starem-mozu\/#primaryimage","url":"https:\/\/www.malihnog.com\/wp-content\/uploads\/2024\/05\/Zalozba-Zala_Zgodba-o-malem-starem-mozu_ISBN9789616994781.jpg","contentUrl":"https:\/\/www.malihnog.com\/wp-content\/uploads\/2024\/05\/Zalozba-Zala_Zgodba-o-malem-starem-mozu_ISBN9789616994781.jpg","width":1080,"height":1080},{"@type":"BreadcrumbList","@id":"https:\/\/www.malihnog.com\/en\/product\/barbro-lindgren-zgodba-o-malem-starem-mozu\/#breadcrumb","itemListElement":[{"@type":"ListItem","position":1,"name":"Home","item":"https:\/\/www.malihnog.com\/en\/"},{"@type":"ListItem","position":2,"name":"Shop","item":"https:\/\/www.malihnog.com\/en\/shop\/"},{"@type":"ListItem","position":3,"name":"Barbro Lindgren: Zgodba o malem starem mo\u017eu"}]},{"@type":"WebSite","@id":"https:\/\/www.malihnog.com\/#website","url":"https:\/\/www.malihnog.com\/","name":"Malih nog naokrog","description":"Play matters","publisher":{"@id":"https:\/\/www.malihnog.com\/#organization"},"potentialAction":[{"@type":"SearchAction","target":{"@type":"EntryPoint","urlTemplate":"https:\/\/www.malihnog.com\/?s={search_term_string}"},"query-input":{"@type":"PropertyValueSpecification","valueRequired":true,"valueName":"search_term_string"}}],"inLanguage":"en-US"},{"@type":"Organization","@id":"https:\/\/www.malihnog.com\/#organization","name":"Malih nog naokrog","url":"https:\/\/www.malihnog.com\/","logo":{"@type":"ImageObject","inLanguage":"en-US","@id":"https:\/\/www.malihnog.com\/#\/schema\/logo\/image\/","url":"https:\/\/www.malihnog.com\/wp-content\/uploads\/2021\/02\/Logo_Website_New3.jpg","contentUrl":"https:\/\/www.malihnog.com\/wp-content\/uploads\/2021\/02\/Logo_Website_New3.jpg","width":540,"height":540,"caption":"Malih nog naokrog"},"image":{"@id":"https:\/\/www.malihnog.com\/#\/schema\/logo\/image\/"},"sameAs":["https:\/\/www.facebook.com\/malihnognaokrog\/","https:\/\/www.instagram.com\/malihnognaokrog\/"]}]},"product_price_amount":"21.00","product_price_currency":"EUR","og_availability":"instock","product_availability":"instock","product_retailer_item_id":"ISBN9789616994781","product_condition":"new"},"jetpack_sharing_enabled":true,"_links":{"self":[{"href":"https:\/\/www.malihnog.com\/en\/wp-json\/wp\/v2\/product\/63851","targetHints":{"allow":["GET"]}}],"collection":[{"href":"https:\/\/www.malihnog.com\/en\/wp-json\/wp\/v2\/product"}],"about":[{"href":"https:\/\/www.malihnog.com\/en\/wp-json\/wp\/v2\/types\/product"}],"wp:featuredmedia":[{"embeddable":true,"href":"https:\/\/www.malihnog.com\/en\/wp-json\/wp\/v2\/media\/63853"}],"wp:attachment":[{"href":"https:\/\/www.malihnog.com\/en\/wp-json\/wp\/v2\/media?parent=63851"}],"wp:term":[{"taxonomy":"product_brand","embeddable":true,"href":"https:\/\/www.malihnog.com\/en\/wp-json\/wp\/v2\/product_brand?post=63851"},{"taxonomy":"product_cat","embeddable":true,"href":"https:\/\/www.malihnog.com\/en\/wp-json\/wp\/v2\/product_cat?post=63851"},{"taxonomy":"product_tag","embeddable":true,"href":"https:\/\/www.malihnog.com\/en\/wp-json\/wp\/v2\/product_tag?post=63851"}],"curies":[{"name":"wp","href":"https:\/\/api.w.org\/{rel}","templated":true}]}}