{"id":66139,"date":"2024-08-31T15:00:34","date_gmt":"2024-08-31T13:00:34","guid":{"rendered":"https:\/\/www.malihnog.com\/?post_type=product&#038;p=66139"},"modified":"2024-08-31T15:22:47","modified_gmt":"2024-08-31T13:22:47","slug":"ziga-x-gombac-crno-belo","status":"publish","type":"product","link":"https:\/\/www.malihnog.com\/en\/product\/ziga-x-gombac-crno-belo\/","title":{"rendered":"\u017diga X. Gomba\u010d: \u010crno belo"},"content":{"rendered":"<p><strong>About the author:<\/strong> \u017diga X. Gomba\u010d is a well-known children&#8217;s and young adult writer in Slovenia. In the last twelve years, he&#8217;s written and shared over 178 fairy tales, songs, and comics for kids, appearing in magazines and books. His stories are a special blend of interesting characters, exciting ideas, and relatable settings. They often touch on family life, especially the role of fathers, and address important social topics.<\/p>\n<p><strong>Product information: <\/strong><\/p>\n<ul>\n<li><strong>ISBN: 9789612722487<br \/>\n<\/strong><\/li>\n<li><strong>Illustrator:<\/strong> Damijan Stepan\u010di\u010d<\/li>\n<li><strong>Language<\/strong>: Slovene<\/li>\n<li><strong>Format<\/strong>: 195 mm x 10 mm x 195 mm, 16 pages, hardcover.<\/li>\n<li><strong>Recommended age<\/strong>: 5-7 years.<\/li>\n<li><strong>Publisher<\/strong>: <a href=\"https:\/\/www.malihnog.com\/en\/product-category\/books-en\/by-publisher\/mis-zalozba\/\">Mi\u0161<\/a><\/li>\n<li><strong>Date of publishing<\/strong>: 2017<\/li>\n<\/ul>\n<p>&nbsp;<\/p>\n","protected":false},"excerpt":{"rendered":"<div id=\"promoPriceBlockMessage_feature_div\" class=\"celwidget\" data-feature-name=\"promoPriceBlockMessage\" data-csa-c-type=\"widget\" data-csa-c-content-id=\"promoPriceBlockMessage\" data-csa-c-slot-id=\"promoPriceBlockMessage_feature_div\" data-csa-c-asin=\"1956560041\" data-csa-c-is-in-initial-active-row=\"false\" data-csa-c-id=\"ssohpb-vemu05-xeoot7-j6bw3l\" data-cel-widget=\"promoPriceBlockMessage_feature_div\">\n<div id=\"productAlert_feature_div\" class=\"celwidget\" data-feature-name=\"productAlert\" data-csa-c-type=\"widget\" data-csa-c-content-id=\"productAlert\" data-csa-c-slot-id=\"productAlert_feature_div\" data-csa-c-asin=\"1956560041\" data-csa-c-is-in-initial-active-row=\"false\" data-csa-c-id=\"yhkm8f-ogec1y-9yri1m-v0b7eu\" data-cel-widget=\"productAlert_feature_div\">\n<div class=\"a-expander-collapsed-height a-row a-expander-container a-spacing-base a-expander-partial-collapse-container\" data-a-expander-name=\"book_description_expander\" data-a-expander-collapsed-height=\"140\">\n<div class=\"a-expander-content a-expander-partial-collapse-content a-expander-content-expanded\" aria-expanded=\"true\">\n<div class=\"a-expander-content a-expander-partial-collapse-content a-expander-content-expanded\" aria-expanded=\"true\">\n<p>The White family lives in a White house in the middle of a White Town, leading a happy and carefree life. However, their peace is disrupted by a fear of anything black. Will an encounter with a black cat change their view of the world?<\/p>\n<p>It is a story about embracing differences and challenging the prejudices that shape and limit our lives. It also explores the search for color in a black-and-white world\u2014a world that &#8220;desperately needs color&#8221;. This timely and pressing social issue is masterfully conveyed through literary language, with thoughtful illustrations further enriching the text. The illustrator\u2019s focus on details contrasts beautifully with the narrow-mindedness of a black-and-white worldview, adding deeper meaning to the narrative.<\/p>\n<\/div>\n<\/div>\n<\/div>\n<\/div>\n<\/div>\n<p><strong>Recommended age: 5-7 years.\u00a0<\/strong><\/p>\n<p><em>Important: please note that this book is a Slovene edition.<\/em><\/p>\n<p><strong>Shipping:<\/strong> 2-5 days<\/p>\n","protected":false},"featured_media":65735,"template":"","meta":[],"product_brand":[],"product_cat":[2092,2094,2112,2118,2196,2181],"product_tag":[84,993,2122],"class_list":{"0":"post-66139","1":"product","2":"type-product","3":"status-publish","4":"has-post-thumbnail","6":"product_cat-books-en","7":"product_cat-children-books","8":"product_cat-mis-zalozba","9":"product_cat-fairytale-worlds-book-club","10":"product_cat-family-and-friends","11":"product_cat-be-yourself","12":"product_tag-3-6-years-old","13":"product_tag-colours-of-the-world","14":"product_tag-picture-book","16":"first","17":"instock","18":"shipping-taxable","19":"purchasable","20":"product-type-simple"},"yoast_head":"<!-- This site is optimized with the Yoast SEO Premium plugin v20.9 (Yoast SEO v26.9) - https:\/\/yoast.com\/product\/yoast-seo-premium-wordpress\/ -->\n<title>\u017diga X. Gomba\u010d: \u010crno belo | Malih nog naokrog<\/title>\n<meta name=\"description\" content=\"At Malih nog naokrog you will find a large selection of rainbow-coloured natural toys for creative, open-ended play - and the most magical childhood memories!\" \/>\n<meta name=\"robots\" content=\"index, follow, max-snippet:-1, max-image-preview:large, max-video-preview:-1\" \/>\n<link rel=\"canonical\" href=\"https:\/\/www.malihnog.com\/en\/product\/ziga-x-gombac-crno-belo\/\" \/>\n<meta property=\"og:locale\" content=\"en_US\" \/>\n<meta property=\"og:type\" content=\"article\" \/>\n<meta property=\"og:title\" content=\"\u017diga X. Gomba\u010d: \u010crno belo | Malih nog naokrog\" \/>\n<meta property=\"og:description\" content=\"At Malih nog naokrog we believe in the power of play and childhood filled with creative play and adventures. We offer a wide and curated selection of high quality natural toys, art materials and accessories to enrich these magical years!\" \/>\n<meta property=\"og:url\" content=\"https:\/\/www.malihnog.com\/en\/product\/ziga-x-gombac-crno-belo\/\" \/>\n<meta property=\"og:site_name\" content=\"Malih nog naokrog\" \/>\n<meta property=\"article:publisher\" content=\"https:\/\/www.facebook.com\/malihnognaokrog\/\" \/>\n<meta property=\"article:modified_time\" content=\"2024-08-31T13:22:47+00:00\" \/>\n<meta property=\"og:image\" content=\"https:\/\/www.malihnog.com\/wp-content\/uploads\/2024\/07\/Zalozba-Mis_Ziga-X.-Gombac_Crno-belo_slikanica_ISBN9789612722487.jpg\" \/>\n\t<meta property=\"og:image:width\" content=\"870\" \/>\n\t<meta property=\"og:image:height\" content=\"870\" \/>\n\t<meta property=\"og:image:type\" content=\"image\/jpeg\" \/>\n<meta name=\"twitter:card\" content=\"summary_large_image\" \/>\n<meta name=\"twitter:label1\" content=\"Price\" \/>\n\t<meta name=\"twitter:data1\" content=\"&euro;25,95\" \/>\n\t<meta name=\"twitter:label2\" content=\"Availability\" \/>\n\t<meta name=\"twitter:data2\" content=\"In stock\" \/>\n<script type=\"application\/ld+json\" class=\"yoast-schema-graph\">{\"@context\":\"https:\/\/schema.org\",\"@graph\":[{\"@type\":\"WebPage\",\"@id\":\"https:\/\/www.malihnog.com\/en\/product\/ziga-x-gombac-crno-belo\/\",\"url\":\"https:\/\/www.malihnog.com\/en\/product\/ziga-x-gombac-crno-belo\/\",\"name\":\"\u017diga X. Gomba\u010d: \u010crno belo | Malih nog naokrog\",\"isPartOf\":{\"@id\":\"https:\/\/www.malihnog.com\/#website\"},\"primaryImageOfPage\":{\"@id\":\"https:\/\/www.malihnog.com\/en\/product\/ziga-x-gombac-crno-belo\/#primaryimage\"},\"image\":{\"@id\":\"https:\/\/www.malihnog.com\/en\/product\/ziga-x-gombac-crno-belo\/#primaryimage\"},\"thumbnailUrl\":\"https:\/\/www.malihnog.com\/wp-content\/uploads\/2024\/07\/Zalozba-Mis_Ziga-X.-Gombac_Crno-belo_slikanica_ISBN9789612722487.jpg\",\"datePublished\":\"2024-08-31T13:00:34+00:00\",\"dateModified\":\"2024-08-31T13:22:47+00:00\",\"description\":\"At Malih nog naokrog you will find a large selection of rainbow-coloured natural toys for creative, open-ended play - and the most magical childhood memories!\",\"breadcrumb\":{\"@id\":\"https:\/\/www.malihnog.com\/en\/product\/ziga-x-gombac-crno-belo\/#breadcrumb\"},\"inLanguage\":\"en-US\",\"potentialAction\":[{\"@type\":\"ReadAction\",\"target\":[\"https:\/\/www.malihnog.com\/en\/product\/ziga-x-gombac-crno-belo\/\"]}]},{\"@type\":\"ImageObject\",\"inLanguage\":\"en-US\",\"@id\":\"https:\/\/www.malihnog.com\/en\/product\/ziga-x-gombac-crno-belo\/#primaryimage\",\"url\":\"https:\/\/www.malihnog.com\/wp-content\/uploads\/2024\/07\/Zalozba-Mis_Ziga-X.-Gombac_Crno-belo_slikanica_ISBN9789612722487.jpg\",\"contentUrl\":\"https:\/\/www.malihnog.com\/wp-content\/uploads\/2024\/07\/Zalozba-Mis_Ziga-X.-Gombac_Crno-belo_slikanica_ISBN9789612722487.jpg\",\"width\":870,\"height\":870,\"caption\":\"Zalozba Mis_Ziga X. Gombac_\u010crno belo_slikanica_ISBN9789612722487 - 1\"},{\"@type\":\"BreadcrumbList\",\"@id\":\"https:\/\/www.malihnog.com\/en\/product\/ziga-x-gombac-crno-belo\/#breadcrumb\",\"itemListElement\":[{\"@type\":\"ListItem\",\"position\":1,\"name\":\"Home\",\"item\":\"https:\/\/www.malihnog.com\/en\/\"},{\"@type\":\"ListItem\",\"position\":2,\"name\":\"Shop\",\"item\":\"https:\/\/www.malihnog.com\/en\/shop\/\"},{\"@type\":\"ListItem\",\"position\":3,\"name\":\"\u017diga X. Gomba\u010d: \u010crno belo\"}]},{\"@type\":\"WebSite\",\"@id\":\"https:\/\/www.malihnog.com\/#website\",\"url\":\"https:\/\/www.malihnog.com\/\",\"name\":\"Malih nog naokrog\",\"description\":\"Play matters\",\"publisher\":{\"@id\":\"https:\/\/www.malihnog.com\/#organization\"},\"potentialAction\":[{\"@type\":\"SearchAction\",\"target\":{\"@type\":\"EntryPoint\",\"urlTemplate\":\"https:\/\/www.malihnog.com\/?s={search_term_string}\"},\"query-input\":{\"@type\":\"PropertyValueSpecification\",\"valueRequired\":true,\"valueName\":\"search_term_string\"}}],\"inLanguage\":\"en-US\"},{\"@type\":\"Organization\",\"@id\":\"https:\/\/www.malihnog.com\/#organization\",\"name\":\"Malih nog naokrog\",\"url\":\"https:\/\/www.malihnog.com\/\",\"logo\":{\"@type\":\"ImageObject\",\"inLanguage\":\"en-US\",\"@id\":\"https:\/\/www.malihnog.com\/#\/schema\/logo\/image\/\",\"url\":\"https:\/\/www.malihnog.com\/wp-content\/uploads\/2021\/02\/Logo_Website_New3.jpg\",\"contentUrl\":\"https:\/\/www.malihnog.com\/wp-content\/uploads\/2021\/02\/Logo_Website_New3.jpg\",\"width\":540,\"height\":540,\"caption\":\"Malih nog naokrog\"},\"image\":{\"@id\":\"https:\/\/www.malihnog.com\/#\/schema\/logo\/image\/\"},\"sameAs\":[\"https:\/\/www.facebook.com\/malihnognaokrog\/\",\"https:\/\/www.instagram.com\/malihnognaokrog\/\"]}]}<\/script>\n<meta property=\"product:price:amount\" content=\"25.95\" \/>\n<meta property=\"product:price:currency\" content=\"EUR\" \/>\n<meta property=\"og:availability\" content=\"instock\" \/>\n<meta property=\"product:availability\" content=\"instock\" \/>\n<meta property=\"product:retailer_item_id\" content=\"ISBN9789612722487\" \/>\n<meta property=\"product:condition\" content=\"new\" \/>\n<!-- \/ Yoast SEO Premium plugin. -->","yoast_head_json":{"title":"\u017diga X. Gomba\u010d: \u010crno belo | Malih nog naokrog","description":"At Malih nog naokrog you will find a large selection of rainbow-coloured natural toys for creative, open-ended play - and the most magical childhood memories!","robots":{"index":"index","follow":"follow","max-snippet":"max-snippet:-1","max-image-preview":"max-image-preview:large","max-video-preview":"max-video-preview:-1"},"canonical":"https:\/\/www.malihnog.com\/en\/product\/ziga-x-gombac-crno-belo\/","og_locale":"en_US","og_type":"article","og_title":"\u017diga X. Gomba\u010d: \u010crno belo | Malih nog naokrog","og_description":"At Malih nog naokrog we believe in the power of play and childhood filled with creative play and adventures. We offer a wide and curated selection of high quality natural toys, art materials and accessories to enrich these magical years!","og_url":"https:\/\/www.malihnog.com\/en\/product\/ziga-x-gombac-crno-belo\/","og_site_name":"Malih nog naokrog","article_publisher":"https:\/\/www.facebook.com\/malihnognaokrog\/","article_modified_time":"2024-08-31T13:22:47+00:00","og_image":[{"width":870,"height":870,"url":"https:\/\/www.malihnog.com\/wp-content\/uploads\/2024\/07\/Zalozba-Mis_Ziga-X.-Gombac_Crno-belo_slikanica_ISBN9789612722487.jpg","type":"image\/jpeg"}],"twitter_card":"summary_large_image","twitter_misc":{"Price":"&euro;25,95","Availability":"In stock"},"schema":{"@context":"https:\/\/schema.org","@graph":[{"@type":"WebPage","@id":"https:\/\/www.malihnog.com\/en\/product\/ziga-x-gombac-crno-belo\/","url":"https:\/\/www.malihnog.com\/en\/product\/ziga-x-gombac-crno-belo\/","name":"\u017diga X. Gomba\u010d: \u010crno belo | Malih nog naokrog","isPartOf":{"@id":"https:\/\/www.malihnog.com\/#website"},"primaryImageOfPage":{"@id":"https:\/\/www.malihnog.com\/en\/product\/ziga-x-gombac-crno-belo\/#primaryimage"},"image":{"@id":"https:\/\/www.malihnog.com\/en\/product\/ziga-x-gombac-crno-belo\/#primaryimage"},"thumbnailUrl":"https:\/\/www.malihnog.com\/wp-content\/uploads\/2024\/07\/Zalozba-Mis_Ziga-X.-Gombac_Crno-belo_slikanica_ISBN9789612722487.jpg","datePublished":"2024-08-31T13:00:34+00:00","dateModified":"2024-08-31T13:22:47+00:00","description":"At Malih nog naokrog you will find a large selection of rainbow-coloured natural toys for creative, open-ended play - and the most magical childhood memories!","breadcrumb":{"@id":"https:\/\/www.malihnog.com\/en\/product\/ziga-x-gombac-crno-belo\/#breadcrumb"},"inLanguage":"en-US","potentialAction":[{"@type":"ReadAction","target":["https:\/\/www.malihnog.com\/en\/product\/ziga-x-gombac-crno-belo\/"]}]},{"@type":"ImageObject","inLanguage":"en-US","@id":"https:\/\/www.malihnog.com\/en\/product\/ziga-x-gombac-crno-belo\/#primaryimage","url":"https:\/\/www.malihnog.com\/wp-content\/uploads\/2024\/07\/Zalozba-Mis_Ziga-X.-Gombac_Crno-belo_slikanica_ISBN9789612722487.jpg","contentUrl":"https:\/\/www.malihnog.com\/wp-content\/uploads\/2024\/07\/Zalozba-Mis_Ziga-X.-Gombac_Crno-belo_slikanica_ISBN9789612722487.jpg","width":870,"height":870,"caption":"Zalozba Mis_Ziga X. Gombac_\u010crno belo_slikanica_ISBN9789612722487 - 1"},{"@type":"BreadcrumbList","@id":"https:\/\/www.malihnog.com\/en\/product\/ziga-x-gombac-crno-belo\/#breadcrumb","itemListElement":[{"@type":"ListItem","position":1,"name":"Home","item":"https:\/\/www.malihnog.com\/en\/"},{"@type":"ListItem","position":2,"name":"Shop","item":"https:\/\/www.malihnog.com\/en\/shop\/"},{"@type":"ListItem","position":3,"name":"\u017diga X. Gomba\u010d: \u010crno belo"}]},{"@type":"WebSite","@id":"https:\/\/www.malihnog.com\/#website","url":"https:\/\/www.malihnog.com\/","name":"Malih nog naokrog","description":"Play matters","publisher":{"@id":"https:\/\/www.malihnog.com\/#organization"},"potentialAction":[{"@type":"SearchAction","target":{"@type":"EntryPoint","urlTemplate":"https:\/\/www.malihnog.com\/?s={search_term_string}"},"query-input":{"@type":"PropertyValueSpecification","valueRequired":true,"valueName":"search_term_string"}}],"inLanguage":"en-US"},{"@type":"Organization","@id":"https:\/\/www.malihnog.com\/#organization","name":"Malih nog naokrog","url":"https:\/\/www.malihnog.com\/","logo":{"@type":"ImageObject","inLanguage":"en-US","@id":"https:\/\/www.malihnog.com\/#\/schema\/logo\/image\/","url":"https:\/\/www.malihnog.com\/wp-content\/uploads\/2021\/02\/Logo_Website_New3.jpg","contentUrl":"https:\/\/www.malihnog.com\/wp-content\/uploads\/2021\/02\/Logo_Website_New3.jpg","width":540,"height":540,"caption":"Malih nog naokrog"},"image":{"@id":"https:\/\/www.malihnog.com\/#\/schema\/logo\/image\/"},"sameAs":["https:\/\/www.facebook.com\/malihnognaokrog\/","https:\/\/www.instagram.com\/malihnognaokrog\/"]}]},"product_price_amount":"25.95","product_price_currency":"EUR","og_availability":"instock","product_availability":"instock","product_retailer_item_id":"ISBN9789612722487","product_condition":"new"},"jetpack_sharing_enabled":true,"_links":{"self":[{"href":"https:\/\/www.malihnog.com\/en\/wp-json\/wp\/v2\/product\/66139","targetHints":{"allow":["GET"]}}],"collection":[{"href":"https:\/\/www.malihnog.com\/en\/wp-json\/wp\/v2\/product"}],"about":[{"href":"https:\/\/www.malihnog.com\/en\/wp-json\/wp\/v2\/types\/product"}],"wp:featuredmedia":[{"embeddable":true,"href":"https:\/\/www.malihnog.com\/en\/wp-json\/wp\/v2\/media\/65735"}],"wp:attachment":[{"href":"https:\/\/www.malihnog.com\/en\/wp-json\/wp\/v2\/media?parent=66139"}],"wp:term":[{"taxonomy":"product_brand","embeddable":true,"href":"https:\/\/www.malihnog.com\/en\/wp-json\/wp\/v2\/product_brand?post=66139"},{"taxonomy":"product_cat","embeddable":true,"href":"https:\/\/www.malihnog.com\/en\/wp-json\/wp\/v2\/product_cat?post=66139"},{"taxonomy":"product_tag","embeddable":true,"href":"https:\/\/www.malihnog.com\/en\/wp-json\/wp\/v2\/product_tag?post=66139"}],"curies":[{"name":"wp","href":"https:\/\/api.w.org\/{rel}","templated":true}]}}