{"id":66845,"date":"2024-10-10T15:31:26","date_gmt":"2024-10-10T13:31:26","guid":{"rendered":"https:\/\/www.malihnog.com\/?post_type=product&#038;p=66845"},"modified":"2026-02-17T11:41:01","modified_gmt":"2026-02-17T10:41:01","slug":"irene-verdu-dzungla-v-knjiznici","status":"publish","type":"product","link":"https:\/\/www.malihnog.com\/en\/product\/irene-verdu-dzungla-v-knjiznici\/","title":{"rendered":"Irene Verd\u00fa: D\u017eungla v knji\u017enici"},"content":{"rendered":"<p><strong>Product information: <\/strong><\/p>\n<ul>\n<li><strong>ISBN: 9789617178326<br \/>\n<\/strong><\/li>\n<li><strong>Illustrator:<\/strong> C\u00e9sar Barcel\u00f3<\/li>\n<li><strong>Language<\/strong>: Slovene edition<\/li>\n<li><strong>Format<\/strong>: 48 pages, hardcover.<\/li>\n<li><strong>Recommended age<\/strong>: 3-6 years<\/li>\n<li><strong>Publisher<\/strong>: <a href=\"https:\/\/www.malihnog.com\/en\/product-category\/books-en\/by-publisher\/zala\/\">Zala<\/a><\/li>\n<li><strong>Date of publishing<\/strong>: 2024<\/li>\n<\/ul>\n","protected":false},"excerpt":{"rendered":"<div id=\"promoPriceBlockMessage_feature_div\" class=\"celwidget\" data-feature-name=\"promoPriceBlockMessage\" data-csa-c-type=\"widget\" data-csa-c-content-id=\"promoPriceBlockMessage\" data-csa-c-slot-id=\"promoPriceBlockMessage_feature_div\" data-csa-c-asin=\"1956560041\" data-csa-c-is-in-initial-active-row=\"false\" data-csa-c-id=\"ssohpb-vemu05-xeoot7-j6bw3l\" data-cel-widget=\"promoPriceBlockMessage_feature_div\">\n<div id=\"productAlert_feature_div\" class=\"celwidget\" data-feature-name=\"productAlert\" data-csa-c-type=\"widget\" data-csa-c-content-id=\"productAlert\" data-csa-c-slot-id=\"productAlert_feature_div\" data-csa-c-asin=\"1956560041\" data-csa-c-is-in-initial-active-row=\"false\" data-csa-c-id=\"yhkm8f-ogec1y-9yri1m-v0b7eu\" data-cel-widget=\"productAlert_feature_div\">\n<div class=\"a-expander-collapsed-height a-row a-expander-container a-spacing-base a-expander-partial-collapse-container\" data-a-expander-name=\"book_description_expander\" data-a-expander-collapsed-height=\"140\">\n<div class=\"a-expander-content a-expander-partial-collapse-content a-expander-content-expanded\" aria-expanded=\"true\">\n<div class=\"a-expander-content a-expander-partial-collapse-content a-expander-content-expanded\" aria-expanded=\"true\">\n<div class=\"col sqs-col-6 span-6\">\n<div id=\"block-708872254ab9fd1ba185\" class=\"sqs-block html-block sqs-block-html\" data-block-type=\"2\">\n<div class=\"sqs-block-content\">\n<div class=\"sqs-html-content\">\n<div class=\"flex-shrink-0 flex flex-col relative items-end\">\n<div>\n<div class=\"pt-0\">\n<div class=\"gizmo-bot-avatar flex h-8 w-8 items-center justify-center overflow-hidden rounded-full\">\n<div class=\"relative p-1 rounded-sm flex items-center justify-center bg-token-main-surface-primary text-token-text-primary h-8 w-8\">Working in a library is wonderful, but oh, how challenging it can be! Librarian Zebra dreams of going on vacation with her zebra friends. But who will take her place in the jungle library? Who loves books as much as she does and is kind to visitors, even when they return borrowed books late? Could it be the hyena? Maybe the monkey? What about the lion? It turns out, not everyone is cut out for library work, and only one manages to pass the test&#8230;<\/div>\n<\/div>\n<\/div>\n<\/div>\n<\/div>\n<p><strong>Recommended age: 3-6 years.<br \/>\n<\/strong><\/p>\n<\/div>\n<\/div>\n<\/div>\n<\/div>\n<\/div>\n<\/div>\n<\/div>\n<\/div>\n<\/div>\n<p><strong>Shipping:<\/strong> 2-5 days<\/p>\n","protected":false},"featured_media":66847,"template":"","meta":[],"product_brand":[],"product_cat":[2092,2094,2157,2118,2194,2159,2184],"product_tag":[84,2122],"class_list":{"0":"post-66845","1":"product","2":"type-product","3":"status-publish","4":"has-post-thumbnail","6":"product_cat-books-en","7":"product_cat-children-books","8":"product_cat-zala","9":"product_cat-fairytale-worlds-book-club","10":"product_cat-around-the-world","11":"product_cat-seasonal-bookshelves","12":"product_cat-summer-books","13":"product_tag-3-6-years-old","14":"product_tag-picture-book","16":"first","17":"instock","18":"shipping-taxable","19":"purchasable","20":"product-type-simple"},"yoast_head":"<!-- This site is optimized with the Yoast SEO Premium plugin v20.9 (Yoast SEO v26.9) - https:\/\/yoast.com\/product\/yoast-seo-premium-wordpress\/ -->\n<title>Irene Verd\u00fa: D\u017eungla v knji\u017enici | Malih nog naokrog<\/title>\n<meta name=\"description\" content=\"At Malih nog naokrog you will find a large selection of rainbow-coloured natural toys for creative, open-ended play - and the most magical childhood memories!\" \/>\n<meta name=\"robots\" content=\"index, follow, max-snippet:-1, max-image-preview:large, max-video-preview:-1\" \/>\n<link rel=\"canonical\" href=\"https:\/\/www.malihnog.com\/en\/product\/irene-verdu-dzungla-v-knjiznici\/\" \/>\n<meta property=\"og:locale\" content=\"en_US\" \/>\n<meta property=\"og:type\" content=\"article\" \/>\n<meta property=\"og:title\" content=\"Irene Verd\u00fa: D\u017eungla v knji\u017enici | Malih nog naokrog\" \/>\n<meta property=\"og:description\" content=\"At Malih nog naokrog we believe in the power of play and childhood filled with creative play and adventures. We offer a wide and curated selection of high quality natural toys, art materials and accessories to enrich these magical years!\" \/>\n<meta property=\"og:url\" content=\"https:\/\/www.malihnog.com\/en\/product\/irene-verdu-dzungla-v-knjiznici\/\" \/>\n<meta property=\"og:site_name\" content=\"Malih nog naokrog\" \/>\n<meta property=\"article:publisher\" content=\"https:\/\/www.facebook.com\/malihnognaokrog\/\" \/>\n<meta property=\"article:modified_time\" content=\"2026-02-17T10:41:01+00:00\" \/>\n<meta property=\"og:image\" content=\"https:\/\/www.malihnog.com\/wp-content\/uploads\/2024\/10\/Zalozba-Zala_Dzungla-v-knjiznici_ISBN.jpg\" \/>\n\t<meta property=\"og:image:width\" content=\"1080\" \/>\n\t<meta property=\"og:image:height\" content=\"1080\" \/>\n\t<meta property=\"og:image:type\" content=\"image\/jpeg\" \/>\n<meta name=\"twitter:card\" content=\"summary_large_image\" \/>\n<meta name=\"twitter:label1\" content=\"Price\" \/>\n\t<meta name=\"twitter:data1\" content=\"&euro;24,00\" \/>\n\t<meta name=\"twitter:label2\" content=\"Availability\" \/>\n\t<meta name=\"twitter:data2\" content=\"In stock\" \/>\n<script type=\"application\/ld+json\" class=\"yoast-schema-graph\">{\"@context\":\"https:\/\/schema.org\",\"@graph\":[{\"@type\":\"WebPage\",\"@id\":\"https:\/\/www.malihnog.com\/en\/product\/irene-verdu-dzungla-v-knjiznici\/\",\"url\":\"https:\/\/www.malihnog.com\/en\/product\/irene-verdu-dzungla-v-knjiznici\/\",\"name\":\"Irene Verd\u00fa: D\u017eungla v knji\u017enici | Malih nog naokrog\",\"isPartOf\":{\"@id\":\"https:\/\/www.malihnog.com\/#website\"},\"primaryImageOfPage\":{\"@id\":\"https:\/\/www.malihnog.com\/en\/product\/irene-verdu-dzungla-v-knjiznici\/#primaryimage\"},\"image\":{\"@id\":\"https:\/\/www.malihnog.com\/en\/product\/irene-verdu-dzungla-v-knjiznici\/#primaryimage\"},\"thumbnailUrl\":\"https:\/\/www.malihnog.com\/wp-content\/uploads\/2024\/10\/Zalozba-Zala_Dzungla-v-knjiznici_ISBN.jpg\",\"datePublished\":\"2024-10-10T13:31:26+00:00\",\"dateModified\":\"2026-02-17T10:41:01+00:00\",\"description\":\"At Malih nog naokrog you will find a large selection of rainbow-coloured natural toys for creative, open-ended play - and the most magical childhood memories!\",\"breadcrumb\":{\"@id\":\"https:\/\/www.malihnog.com\/en\/product\/irene-verdu-dzungla-v-knjiznici\/#breadcrumb\"},\"inLanguage\":\"en-US\",\"potentialAction\":[{\"@type\":\"ReadAction\",\"target\":[\"https:\/\/www.malihnog.com\/en\/product\/irene-verdu-dzungla-v-knjiznici\/\"]}]},{\"@type\":\"ImageObject\",\"inLanguage\":\"en-US\",\"@id\":\"https:\/\/www.malihnog.com\/en\/product\/irene-verdu-dzungla-v-knjiznici\/#primaryimage\",\"url\":\"https:\/\/www.malihnog.com\/wp-content\/uploads\/2024\/10\/Zalozba-Zala_Dzungla-v-knjiznici_ISBN.jpg\",\"contentUrl\":\"https:\/\/www.malihnog.com\/wp-content\/uploads\/2024\/10\/Zalozba-Zala_Dzungla-v-knjiznici_ISBN.jpg\",\"width\":1080,\"height\":1080},{\"@type\":\"BreadcrumbList\",\"@id\":\"https:\/\/www.malihnog.com\/en\/product\/irene-verdu-dzungla-v-knjiznici\/#breadcrumb\",\"itemListElement\":[{\"@type\":\"ListItem\",\"position\":1,\"name\":\"Home\",\"item\":\"https:\/\/www.malihnog.com\/en\/\"},{\"@type\":\"ListItem\",\"position\":2,\"name\":\"Shop\",\"item\":\"https:\/\/www.malihnog.com\/en\/shop\/\"},{\"@type\":\"ListItem\",\"position\":3,\"name\":\"Irene Verd\u00fa: D\u017eungla v knji\u017enici\"}]},{\"@type\":\"WebSite\",\"@id\":\"https:\/\/www.malihnog.com\/#website\",\"url\":\"https:\/\/www.malihnog.com\/\",\"name\":\"Malih nog naokrog\",\"description\":\"Play matters\",\"publisher\":{\"@id\":\"https:\/\/www.malihnog.com\/#organization\"},\"potentialAction\":[{\"@type\":\"SearchAction\",\"target\":{\"@type\":\"EntryPoint\",\"urlTemplate\":\"https:\/\/www.malihnog.com\/?s={search_term_string}\"},\"query-input\":{\"@type\":\"PropertyValueSpecification\",\"valueRequired\":true,\"valueName\":\"search_term_string\"}}],\"inLanguage\":\"en-US\"},{\"@type\":\"Organization\",\"@id\":\"https:\/\/www.malihnog.com\/#organization\",\"name\":\"Malih nog naokrog\",\"url\":\"https:\/\/www.malihnog.com\/\",\"logo\":{\"@type\":\"ImageObject\",\"inLanguage\":\"en-US\",\"@id\":\"https:\/\/www.malihnog.com\/#\/schema\/logo\/image\/\",\"url\":\"https:\/\/www.malihnog.com\/wp-content\/uploads\/2021\/02\/Logo_Website_New3.jpg\",\"contentUrl\":\"https:\/\/www.malihnog.com\/wp-content\/uploads\/2021\/02\/Logo_Website_New3.jpg\",\"width\":540,\"height\":540,\"caption\":\"Malih nog naokrog\"},\"image\":{\"@id\":\"https:\/\/www.malihnog.com\/#\/schema\/logo\/image\/\"},\"sameAs\":[\"https:\/\/www.facebook.com\/malihnognaokrog\/\",\"https:\/\/www.instagram.com\/malihnognaokrog\/\"]}]}<\/script>\n<meta property=\"product:price:amount\" content=\"24.00\" \/>\n<meta property=\"product:price:currency\" content=\"EUR\" \/>\n<meta property=\"og:availability\" content=\"instock\" \/>\n<meta property=\"product:availability\" content=\"instock\" \/>\n<meta property=\"product:retailer_item_id\" content=\"ISBN9789617178326\" \/>\n<meta property=\"product:condition\" content=\"new\" \/>\n<!-- \/ Yoast SEO Premium plugin. -->","yoast_head_json":{"title":"Irene Verd\u00fa: D\u017eungla v knji\u017enici | Malih nog naokrog","description":"At Malih nog naokrog you will find a large selection of rainbow-coloured natural toys for creative, open-ended play - and the most magical childhood memories!","robots":{"index":"index","follow":"follow","max-snippet":"max-snippet:-1","max-image-preview":"max-image-preview:large","max-video-preview":"max-video-preview:-1"},"canonical":"https:\/\/www.malihnog.com\/en\/product\/irene-verdu-dzungla-v-knjiznici\/","og_locale":"en_US","og_type":"article","og_title":"Irene Verd\u00fa: D\u017eungla v knji\u017enici | Malih nog naokrog","og_description":"At Malih nog naokrog we believe in the power of play and childhood filled with creative play and adventures. We offer a wide and curated selection of high quality natural toys, art materials and accessories to enrich these magical years!","og_url":"https:\/\/www.malihnog.com\/en\/product\/irene-verdu-dzungla-v-knjiznici\/","og_site_name":"Malih nog naokrog","article_publisher":"https:\/\/www.facebook.com\/malihnognaokrog\/","article_modified_time":"2026-02-17T10:41:01+00:00","og_image":[{"width":1080,"height":1080,"url":"https:\/\/www.malihnog.com\/wp-content\/uploads\/2024\/10\/Zalozba-Zala_Dzungla-v-knjiznici_ISBN.jpg","type":"image\/jpeg"}],"twitter_card":"summary_large_image","twitter_misc":{"Price":"&euro;24,00","Availability":"In stock"},"schema":{"@context":"https:\/\/schema.org","@graph":[{"@type":"WebPage","@id":"https:\/\/www.malihnog.com\/en\/product\/irene-verdu-dzungla-v-knjiznici\/","url":"https:\/\/www.malihnog.com\/en\/product\/irene-verdu-dzungla-v-knjiznici\/","name":"Irene Verd\u00fa: D\u017eungla v knji\u017enici | Malih nog naokrog","isPartOf":{"@id":"https:\/\/www.malihnog.com\/#website"},"primaryImageOfPage":{"@id":"https:\/\/www.malihnog.com\/en\/product\/irene-verdu-dzungla-v-knjiznici\/#primaryimage"},"image":{"@id":"https:\/\/www.malihnog.com\/en\/product\/irene-verdu-dzungla-v-knjiznici\/#primaryimage"},"thumbnailUrl":"https:\/\/www.malihnog.com\/wp-content\/uploads\/2024\/10\/Zalozba-Zala_Dzungla-v-knjiznici_ISBN.jpg","datePublished":"2024-10-10T13:31:26+00:00","dateModified":"2026-02-17T10:41:01+00:00","description":"At Malih nog naokrog you will find a large selection of rainbow-coloured natural toys for creative, open-ended play - and the most magical childhood memories!","breadcrumb":{"@id":"https:\/\/www.malihnog.com\/en\/product\/irene-verdu-dzungla-v-knjiznici\/#breadcrumb"},"inLanguage":"en-US","potentialAction":[{"@type":"ReadAction","target":["https:\/\/www.malihnog.com\/en\/product\/irene-verdu-dzungla-v-knjiznici\/"]}]},{"@type":"ImageObject","inLanguage":"en-US","@id":"https:\/\/www.malihnog.com\/en\/product\/irene-verdu-dzungla-v-knjiznici\/#primaryimage","url":"https:\/\/www.malihnog.com\/wp-content\/uploads\/2024\/10\/Zalozba-Zala_Dzungla-v-knjiznici_ISBN.jpg","contentUrl":"https:\/\/www.malihnog.com\/wp-content\/uploads\/2024\/10\/Zalozba-Zala_Dzungla-v-knjiznici_ISBN.jpg","width":1080,"height":1080},{"@type":"BreadcrumbList","@id":"https:\/\/www.malihnog.com\/en\/product\/irene-verdu-dzungla-v-knjiznici\/#breadcrumb","itemListElement":[{"@type":"ListItem","position":1,"name":"Home","item":"https:\/\/www.malihnog.com\/en\/"},{"@type":"ListItem","position":2,"name":"Shop","item":"https:\/\/www.malihnog.com\/en\/shop\/"},{"@type":"ListItem","position":3,"name":"Irene Verd\u00fa: D\u017eungla v knji\u017enici"}]},{"@type":"WebSite","@id":"https:\/\/www.malihnog.com\/#website","url":"https:\/\/www.malihnog.com\/","name":"Malih nog naokrog","description":"Play matters","publisher":{"@id":"https:\/\/www.malihnog.com\/#organization"},"potentialAction":[{"@type":"SearchAction","target":{"@type":"EntryPoint","urlTemplate":"https:\/\/www.malihnog.com\/?s={search_term_string}"},"query-input":{"@type":"PropertyValueSpecification","valueRequired":true,"valueName":"search_term_string"}}],"inLanguage":"en-US"},{"@type":"Organization","@id":"https:\/\/www.malihnog.com\/#organization","name":"Malih nog naokrog","url":"https:\/\/www.malihnog.com\/","logo":{"@type":"ImageObject","inLanguage":"en-US","@id":"https:\/\/www.malihnog.com\/#\/schema\/logo\/image\/","url":"https:\/\/www.malihnog.com\/wp-content\/uploads\/2021\/02\/Logo_Website_New3.jpg","contentUrl":"https:\/\/www.malihnog.com\/wp-content\/uploads\/2021\/02\/Logo_Website_New3.jpg","width":540,"height":540,"caption":"Malih nog naokrog"},"image":{"@id":"https:\/\/www.malihnog.com\/#\/schema\/logo\/image\/"},"sameAs":["https:\/\/www.facebook.com\/malihnognaokrog\/","https:\/\/www.instagram.com\/malihnognaokrog\/"]}]},"product_price_amount":"24.00","product_price_currency":"EUR","og_availability":"instock","product_availability":"instock","product_retailer_item_id":"ISBN9789617178326","product_condition":"new"},"jetpack_sharing_enabled":true,"_links":{"self":[{"href":"https:\/\/www.malihnog.com\/en\/wp-json\/wp\/v2\/product\/66845","targetHints":{"allow":["GET"]}}],"collection":[{"href":"https:\/\/www.malihnog.com\/en\/wp-json\/wp\/v2\/product"}],"about":[{"href":"https:\/\/www.malihnog.com\/en\/wp-json\/wp\/v2\/types\/product"}],"wp:featuredmedia":[{"embeddable":true,"href":"https:\/\/www.malihnog.com\/en\/wp-json\/wp\/v2\/media\/66847"}],"wp:attachment":[{"href":"https:\/\/www.malihnog.com\/en\/wp-json\/wp\/v2\/media?parent=66845"}],"wp:term":[{"taxonomy":"product_brand","embeddable":true,"href":"https:\/\/www.malihnog.com\/en\/wp-json\/wp\/v2\/product_brand?post=66845"},{"taxonomy":"product_cat","embeddable":true,"href":"https:\/\/www.malihnog.com\/en\/wp-json\/wp\/v2\/product_cat?post=66845"},{"taxonomy":"product_tag","embeddable":true,"href":"https:\/\/www.malihnog.com\/en\/wp-json\/wp\/v2\/product_tag?post=66845"}],"curies":[{"name":"wp","href":"https:\/\/api.w.org\/{rel}","templated":true}]}}