{"id":67135,"date":"2024-10-29T18:06:38","date_gmt":"2024-10-29T17:06:38","guid":{"rendered":"https:\/\/www.malihnog.com\/?post_type=product&#038;p=67135"},"modified":"2026-02-17T11:40:49","modified_gmt":"2026-02-17T10:40:49","slug":"alexandra-stewart-odstevanje-do-bozica-24-carobnih-zgodb","status":"publish","type":"product","link":"https:\/\/www.malihnog.com\/en\/product\/alexandra-stewart-odstevanje-do-bozica-24-carobnih-zgodb\/","title":{"rendered":"Alexandra Stewart: Od\u0161tevanje do bo\u017ei\u010da &#8211; 24 \u010darobnih zgodb"},"content":{"rendered":"<p><strong>Product information:<\/strong><\/p>\n<ul>\n<li><strong>ISBN: 9789617219012<br \/>\n<\/strong><\/li>\n<li><strong>Illustrator:<\/strong> Freya Hartas<\/li>\n<li><strong>Translator<\/strong>: Ana Bari\u010d Moder<\/li>\n<li><strong>Language<\/strong>: Slovene edition<\/li>\n<li><strong>Format<\/strong>: 22,5 x 29,0 cm, 104 pages , hardcover.<\/li>\n<li><strong>Recommended age<\/strong>: 4-12 years.<\/li>\n<li><strong>Publisher<\/strong>: <a href=\"https:\/\/www.malihnog.com\/en\/product-category\/books-en\/by-publisher\/grafenauer\/\">Grafenauer<\/a><\/li>\n<li><strong>Date of publishing<\/strong>: 2024<\/li>\n<\/ul>\n<p>&nbsp;<\/p>\n","protected":false},"excerpt":{"rendered":"<div class=\"flex-1 overflow-hidden\">\n<div class=\"react-scroll-to-bottom--css-ibhrw-79elbk h-full\">\n<div class=\"react-scroll-to-bottom--css-ibhrw-1n7m0yu\">\n<div class=\"flex flex-col text-sm pb-9\">\n<div class=\"w-full text-token-text-primary\" data-testid=\"conversation-turn-638\">\n<div class=\"px-4 py-2 justify-center text-base md:gap-6 m-auto\">\n<div class=\"flex flex-1 text-base mx-auto gap-3 md:px-5 lg:px-1 xl:px-5 md:max-w-3xl lg:max-w-[40rem] xl:max-w-[48rem] group final-completion\">\n<div class=\"relative flex w-full flex-col agent-turn\">\n<div class=\"flex-col gap-1 md:gap-3\">\n<div class=\"flex flex-grow flex-col max-w-full\">\n<div class=\"min-h-[20px] text-message flex flex-col items-start gap-3 whitespace-pre-wrap break-words [.text-message+&amp;]:mt-5 overflow-x-auto\" data-message-author-role=\"assistant\" data-message-id=\"2f0a8f9d-4fcf-42c5-b673-22acfbea1b37\">\n<div class=\"markdown prose w-full break-words dark:prose-invert light\">\n<p>Just like an advent calendar, this enchanting book offers a new story every day leading up to Christmas. Inside this true holiday treasure, you\u2019ll find 24 of the most beloved tales, poems, and songs from around the world, cherished by children for years and even centuries. With classics like <em>The Nutcracker<\/em> and <em>The Snow Queen<\/em>, the whimsical verses of <em>The Night Before Christmas<\/em>, the charming Ukrainian folktale <em>The Mitten<\/em>, and many more, there\u2019s a story for every night to bring the magic of Christmas alive. Share a story each evening as you count down the days to Christmas together, making every night a celebration of holiday wonder.<\/p>\n<\/div>\n<\/div>\n<\/div>\n<\/div>\n<\/div>\n<\/div>\n<\/div>\n<\/div>\n<\/div>\n<\/div>\n<\/div>\n<\/div>\n<p><strong>Recommended age: 4-12 years.<\/strong><\/p>\n<p><strong>Shipping:<\/strong> 2-5 days<\/p>\n","protected":false},"featured_media":67137,"template":"","meta":[],"product_brand":[],"product_cat":[2092,2094,2114,2118,2172,2161,1845],"product_tag":[84,544,2122],"class_list":{"0":"post-67135","1":"product","2":"type-product","3":"status-publish","4":"has-post-thumbnail","6":"product_cat-books-en","7":"product_cat-children-books","8":"product_cat-grafenauer","9":"product_cat-fairytale-worlds-book-club","10":"product_cat-celebrations","11":"product_cat-winter-books","12":"product_cat-advent-christmas","13":"product_tag-3-6-years-old","14":"product_tag-christmas","15":"product_tag-picture-book","17":"first","18":"instock","19":"shipping-taxable","20":"purchasable","21":"product-type-simple"},"yoast_head":"<!-- This site is optimized with the Yoast SEO Premium plugin v20.9 (Yoast SEO v26.9) - https:\/\/yoast.com\/product\/yoast-seo-premium-wordpress\/ -->\n<title>Alexandra Stewart: Od\u0161tevanje do bo\u017ei\u010da - 24 \u010darobnih zgodb | Malih nog naokrog<\/title>\n<meta name=\"description\" content=\"At Malih nog naokrog you will find a large selection of rainbow-coloured natural toys for creative, open-ended play - and the most magical childhood memories!\" \/>\n<meta name=\"robots\" content=\"index, follow, max-snippet:-1, max-image-preview:large, max-video-preview:-1\" \/>\n<link rel=\"canonical\" href=\"https:\/\/www.malihnog.com\/en\/product\/alexandra-stewart-odstevanje-do-bozica-24-carobnih-zgodb\/\" \/>\n<meta property=\"og:locale\" content=\"en_US\" \/>\n<meta property=\"og:type\" content=\"article\" \/>\n<meta property=\"og:title\" content=\"Alexandra Stewart: Od\u0161tevanje do bo\u017ei\u010da - 24 \u010darobnih zgodb | Malih nog naokrog\" \/>\n<meta property=\"og:description\" content=\"At Malih nog naokrog we believe in the power of play and childhood filled with creative play and adventures. We offer a wide and curated selection of high quality natural toys, art materials and accessories to enrich these magical years!\" \/>\n<meta property=\"og:url\" content=\"https:\/\/www.malihnog.com\/en\/product\/alexandra-stewart-odstevanje-do-bozica-24-carobnih-zgodb\/\" \/>\n<meta property=\"og:site_name\" content=\"Malih nog naokrog\" \/>\n<meta property=\"article:publisher\" content=\"https:\/\/www.facebook.com\/malihnognaokrog\/\" \/>\n<meta property=\"article:modified_time\" content=\"2026-02-17T10:40:49+00:00\" \/>\n<meta property=\"og:image\" content=\"https:\/\/www.malihnog.com\/wp-content\/uploads\/2024\/10\/Grafenauer_Zalozba.jpg\" \/>\n\t<meta property=\"og:image:width\" content=\"1080\" \/>\n\t<meta property=\"og:image:height\" content=\"1080\" \/>\n\t<meta property=\"og:image:type\" content=\"image\/jpeg\" \/>\n<meta name=\"twitter:card\" content=\"summary_large_image\" \/>\n<meta name=\"twitter:label1\" content=\"Price\" \/>\n\t<meta name=\"twitter:data1\" content=\"&euro;32,95\" \/>\n\t<meta name=\"twitter:label2\" content=\"Availability\" \/>\n\t<meta name=\"twitter:data2\" content=\"In stock\" \/>\n<script type=\"application\/ld+json\" class=\"yoast-schema-graph\">{\"@context\":\"https:\/\/schema.org\",\"@graph\":[{\"@type\":\"WebPage\",\"@id\":\"https:\/\/www.malihnog.com\/en\/product\/alexandra-stewart-odstevanje-do-bozica-24-carobnih-zgodb\/\",\"url\":\"https:\/\/www.malihnog.com\/en\/product\/alexandra-stewart-odstevanje-do-bozica-24-carobnih-zgodb\/\",\"name\":\"Alexandra Stewart: Od\u0161tevanje do bo\u017ei\u010da - 24 \u010darobnih zgodb | Malih nog naokrog\",\"isPartOf\":{\"@id\":\"https:\/\/www.malihnog.com\/#website\"},\"primaryImageOfPage\":{\"@id\":\"https:\/\/www.malihnog.com\/en\/product\/alexandra-stewart-odstevanje-do-bozica-24-carobnih-zgodb\/#primaryimage\"},\"image\":{\"@id\":\"https:\/\/www.malihnog.com\/en\/product\/alexandra-stewart-odstevanje-do-bozica-24-carobnih-zgodb\/#primaryimage\"},\"thumbnailUrl\":\"https:\/\/www.malihnog.com\/wp-content\/uploads\/2024\/10\/Grafenauer_Zalozba.jpg\",\"datePublished\":\"2024-10-29T17:06:38+00:00\",\"dateModified\":\"2026-02-17T10:40:49+00:00\",\"description\":\"At Malih nog naokrog you will find a large selection of rainbow-coloured natural toys for creative, open-ended play - and the most magical childhood memories!\",\"breadcrumb\":{\"@id\":\"https:\/\/www.malihnog.com\/en\/product\/alexandra-stewart-odstevanje-do-bozica-24-carobnih-zgodb\/#breadcrumb\"},\"inLanguage\":\"en-US\",\"potentialAction\":[{\"@type\":\"ReadAction\",\"target\":[\"https:\/\/www.malihnog.com\/en\/product\/alexandra-stewart-odstevanje-do-bozica-24-carobnih-zgodb\/\"]}]},{\"@type\":\"ImageObject\",\"inLanguage\":\"en-US\",\"@id\":\"https:\/\/www.malihnog.com\/en\/product\/alexandra-stewart-odstevanje-do-bozica-24-carobnih-zgodb\/#primaryimage\",\"url\":\"https:\/\/www.malihnog.com\/wp-content\/uploads\/2024\/10\/Grafenauer_Zalozba.jpg\",\"contentUrl\":\"https:\/\/www.malihnog.com\/wp-content\/uploads\/2024\/10\/Grafenauer_Zalozba.jpg\",\"width\":1080,\"height\":1080},{\"@type\":\"BreadcrumbList\",\"@id\":\"https:\/\/www.malihnog.com\/en\/product\/alexandra-stewart-odstevanje-do-bozica-24-carobnih-zgodb\/#breadcrumb\",\"itemListElement\":[{\"@type\":\"ListItem\",\"position\":1,\"name\":\"Home\",\"item\":\"https:\/\/www.malihnog.com\/en\/\"},{\"@type\":\"ListItem\",\"position\":2,\"name\":\"Shop\",\"item\":\"https:\/\/www.malihnog.com\/en\/shop\/\"},{\"@type\":\"ListItem\",\"position\":3,\"name\":\"Alexandra Stewart: Od\u0161tevanje do bo\u017ei\u010da &#8211; 24 \u010darobnih zgodb\"}]},{\"@type\":\"WebSite\",\"@id\":\"https:\/\/www.malihnog.com\/#website\",\"url\":\"https:\/\/www.malihnog.com\/\",\"name\":\"Malih nog naokrog\",\"description\":\"Play matters\",\"publisher\":{\"@id\":\"https:\/\/www.malihnog.com\/#organization\"},\"potentialAction\":[{\"@type\":\"SearchAction\",\"target\":{\"@type\":\"EntryPoint\",\"urlTemplate\":\"https:\/\/www.malihnog.com\/?s={search_term_string}\"},\"query-input\":{\"@type\":\"PropertyValueSpecification\",\"valueRequired\":true,\"valueName\":\"search_term_string\"}}],\"inLanguage\":\"en-US\"},{\"@type\":\"Organization\",\"@id\":\"https:\/\/www.malihnog.com\/#organization\",\"name\":\"Malih nog naokrog\",\"url\":\"https:\/\/www.malihnog.com\/\",\"logo\":{\"@type\":\"ImageObject\",\"inLanguage\":\"en-US\",\"@id\":\"https:\/\/www.malihnog.com\/#\/schema\/logo\/image\/\",\"url\":\"https:\/\/www.malihnog.com\/wp-content\/uploads\/2021\/02\/Logo_Website_New3.jpg\",\"contentUrl\":\"https:\/\/www.malihnog.com\/wp-content\/uploads\/2021\/02\/Logo_Website_New3.jpg\",\"width\":540,\"height\":540,\"caption\":\"Malih nog naokrog\"},\"image\":{\"@id\":\"https:\/\/www.malihnog.com\/#\/schema\/logo\/image\/\"},\"sameAs\":[\"https:\/\/www.facebook.com\/malihnognaokrog\/\",\"https:\/\/www.instagram.com\/malihnognaokrog\/\"]}]}<\/script>\n<meta property=\"product:price:amount\" content=\"32.95\" \/>\n<meta property=\"product:price:currency\" content=\"EUR\" \/>\n<meta property=\"og:availability\" content=\"instock\" \/>\n<meta property=\"product:availability\" content=\"instock\" \/>\n<meta property=\"product:retailer_item_id\" content=\"ISBN9789617219012\" \/>\n<meta property=\"product:condition\" content=\"new\" \/>\n<!-- \/ Yoast SEO Premium plugin. -->","yoast_head_json":{"title":"Alexandra Stewart: Od\u0161tevanje do bo\u017ei\u010da - 24 \u010darobnih zgodb | Malih nog naokrog","description":"At Malih nog naokrog you will find a large selection of rainbow-coloured natural toys for creative, open-ended play - and the most magical childhood memories!","robots":{"index":"index","follow":"follow","max-snippet":"max-snippet:-1","max-image-preview":"max-image-preview:large","max-video-preview":"max-video-preview:-1"},"canonical":"https:\/\/www.malihnog.com\/en\/product\/alexandra-stewart-odstevanje-do-bozica-24-carobnih-zgodb\/","og_locale":"en_US","og_type":"article","og_title":"Alexandra Stewart: Od\u0161tevanje do bo\u017ei\u010da - 24 \u010darobnih zgodb | Malih nog naokrog","og_description":"At Malih nog naokrog we believe in the power of play and childhood filled with creative play and adventures. We offer a wide and curated selection of high quality natural toys, art materials and accessories to enrich these magical years!","og_url":"https:\/\/www.malihnog.com\/en\/product\/alexandra-stewart-odstevanje-do-bozica-24-carobnih-zgodb\/","og_site_name":"Malih nog naokrog","article_publisher":"https:\/\/www.facebook.com\/malihnognaokrog\/","article_modified_time":"2026-02-17T10:40:49+00:00","og_image":[{"width":1080,"height":1080,"url":"https:\/\/www.malihnog.com\/wp-content\/uploads\/2024\/10\/Grafenauer_Zalozba.jpg","type":"image\/jpeg"}],"twitter_card":"summary_large_image","twitter_misc":{"Price":"&euro;32,95","Availability":"In stock"},"schema":{"@context":"https:\/\/schema.org","@graph":[{"@type":"WebPage","@id":"https:\/\/www.malihnog.com\/en\/product\/alexandra-stewart-odstevanje-do-bozica-24-carobnih-zgodb\/","url":"https:\/\/www.malihnog.com\/en\/product\/alexandra-stewart-odstevanje-do-bozica-24-carobnih-zgodb\/","name":"Alexandra Stewart: Od\u0161tevanje do bo\u017ei\u010da - 24 \u010darobnih zgodb | Malih nog naokrog","isPartOf":{"@id":"https:\/\/www.malihnog.com\/#website"},"primaryImageOfPage":{"@id":"https:\/\/www.malihnog.com\/en\/product\/alexandra-stewart-odstevanje-do-bozica-24-carobnih-zgodb\/#primaryimage"},"image":{"@id":"https:\/\/www.malihnog.com\/en\/product\/alexandra-stewart-odstevanje-do-bozica-24-carobnih-zgodb\/#primaryimage"},"thumbnailUrl":"https:\/\/www.malihnog.com\/wp-content\/uploads\/2024\/10\/Grafenauer_Zalozba.jpg","datePublished":"2024-10-29T17:06:38+00:00","dateModified":"2026-02-17T10:40:49+00:00","description":"At Malih nog naokrog you will find a large selection of rainbow-coloured natural toys for creative, open-ended play - and the most magical childhood memories!","breadcrumb":{"@id":"https:\/\/www.malihnog.com\/en\/product\/alexandra-stewart-odstevanje-do-bozica-24-carobnih-zgodb\/#breadcrumb"},"inLanguage":"en-US","potentialAction":[{"@type":"ReadAction","target":["https:\/\/www.malihnog.com\/en\/product\/alexandra-stewart-odstevanje-do-bozica-24-carobnih-zgodb\/"]}]},{"@type":"ImageObject","inLanguage":"en-US","@id":"https:\/\/www.malihnog.com\/en\/product\/alexandra-stewart-odstevanje-do-bozica-24-carobnih-zgodb\/#primaryimage","url":"https:\/\/www.malihnog.com\/wp-content\/uploads\/2024\/10\/Grafenauer_Zalozba.jpg","contentUrl":"https:\/\/www.malihnog.com\/wp-content\/uploads\/2024\/10\/Grafenauer_Zalozba.jpg","width":1080,"height":1080},{"@type":"BreadcrumbList","@id":"https:\/\/www.malihnog.com\/en\/product\/alexandra-stewart-odstevanje-do-bozica-24-carobnih-zgodb\/#breadcrumb","itemListElement":[{"@type":"ListItem","position":1,"name":"Home","item":"https:\/\/www.malihnog.com\/en\/"},{"@type":"ListItem","position":2,"name":"Shop","item":"https:\/\/www.malihnog.com\/en\/shop\/"},{"@type":"ListItem","position":3,"name":"Alexandra Stewart: Od\u0161tevanje do bo\u017ei\u010da &#8211; 24 \u010darobnih zgodb"}]},{"@type":"WebSite","@id":"https:\/\/www.malihnog.com\/#website","url":"https:\/\/www.malihnog.com\/","name":"Malih nog naokrog","description":"Play matters","publisher":{"@id":"https:\/\/www.malihnog.com\/#organization"},"potentialAction":[{"@type":"SearchAction","target":{"@type":"EntryPoint","urlTemplate":"https:\/\/www.malihnog.com\/?s={search_term_string}"},"query-input":{"@type":"PropertyValueSpecification","valueRequired":true,"valueName":"search_term_string"}}],"inLanguage":"en-US"},{"@type":"Organization","@id":"https:\/\/www.malihnog.com\/#organization","name":"Malih nog naokrog","url":"https:\/\/www.malihnog.com\/","logo":{"@type":"ImageObject","inLanguage":"en-US","@id":"https:\/\/www.malihnog.com\/#\/schema\/logo\/image\/","url":"https:\/\/www.malihnog.com\/wp-content\/uploads\/2021\/02\/Logo_Website_New3.jpg","contentUrl":"https:\/\/www.malihnog.com\/wp-content\/uploads\/2021\/02\/Logo_Website_New3.jpg","width":540,"height":540,"caption":"Malih nog naokrog"},"image":{"@id":"https:\/\/www.malihnog.com\/#\/schema\/logo\/image\/"},"sameAs":["https:\/\/www.facebook.com\/malihnognaokrog\/","https:\/\/www.instagram.com\/malihnognaokrog\/"]}]},"product_price_amount":"32.95","product_price_currency":"EUR","og_availability":"instock","product_availability":"instock","product_retailer_item_id":"ISBN9789617219012","product_condition":"new"},"jetpack_sharing_enabled":true,"_links":{"self":[{"href":"https:\/\/www.malihnog.com\/en\/wp-json\/wp\/v2\/product\/67135","targetHints":{"allow":["GET"]}}],"collection":[{"href":"https:\/\/www.malihnog.com\/en\/wp-json\/wp\/v2\/product"}],"about":[{"href":"https:\/\/www.malihnog.com\/en\/wp-json\/wp\/v2\/types\/product"}],"wp:featuredmedia":[{"embeddable":true,"href":"https:\/\/www.malihnog.com\/en\/wp-json\/wp\/v2\/media\/67137"}],"wp:attachment":[{"href":"https:\/\/www.malihnog.com\/en\/wp-json\/wp\/v2\/media?parent=67135"}],"wp:term":[{"taxonomy":"product_brand","embeddable":true,"href":"https:\/\/www.malihnog.com\/en\/wp-json\/wp\/v2\/product_brand?post=67135"},{"taxonomy":"product_cat","embeddable":true,"href":"https:\/\/www.malihnog.com\/en\/wp-json\/wp\/v2\/product_cat?post=67135"},{"taxonomy":"product_tag","embeddable":true,"href":"https:\/\/www.malihnog.com\/en\/wp-json\/wp\/v2\/product_tag?post=67135"}],"curies":[{"name":"wp","href":"https:\/\/api.w.org\/{rel}","templated":true}]}}