{"id":68465,"date":"2025-01-19T13:52:27","date_gmt":"2025-01-19T12:52:27","guid":{"rendered":"https:\/\/www.malihnog.com\/?post_type=product&#038;p=68465"},"modified":"2025-01-19T14:06:05","modified_gmt":"2025-01-19T13:06:05","slug":"benji-davies-pridni-medo-bozickov-pomocnik","status":"publish","type":"product","link":"https:\/\/www.malihnog.com\/en\/product\/benji-davies-pridni-medo-bozickov-pomocnik\/","title":{"rendered":"Benji Davies: Pridni medo &#8211; Bo\u017ei\u010dkov pomo\u010dnik"},"content":{"rendered":"<p><strong>Product information:<\/strong><\/p>\n<ul>\n<li><strong>ISBN: 9789617067279<br \/>\n<\/strong><\/li>\n<li><strong>Illustrator:<\/strong> Benji Davies<\/li>\n<li><strong>Translator<\/strong>: Milan Dekleva<\/li>\n<li><strong>Language<\/strong>: Slovene edition<\/li>\n<li><strong>Format<\/strong>: 18 \u00d7 18 cm, 8 pages, board book<\/li>\n<li><strong> Recommended age:<\/strong> 1-3 years<\/li>\n<li><strong>Publisher<\/strong>: <a href=\"https:\/\/www.malihnog.com\/en\/product-category\/books-en\/by-publisher\/morfem\/\">Morfem<\/a><\/li>\n<li><strong>Date of publishing<\/strong>: 2021<\/li>\n<\/ul>\n<p>&nbsp;<\/p>\n","protected":false},"excerpt":{"rendered":"<div id=\"promoPriceBlockMessage_feature_div\" class=\"celwidget\" data-feature-name=\"promoPriceBlockMessage\" data-csa-c-type=\"widget\" data-csa-c-content-id=\"promoPriceBlockMessage\" data-csa-c-slot-id=\"promoPriceBlockMessage_feature_div\" data-csa-c-asin=\"1956560041\" data-csa-c-is-in-initial-active-row=\"false\" data-csa-c-id=\"ssohpb-vemu05-xeoot7-j6bw3l\" data-cel-widget=\"promoPriceBlockMessage_feature_div\">\n<div id=\"productAlert_feature_div\" class=\"celwidget\" data-feature-name=\"productAlert\" data-csa-c-type=\"widget\" data-csa-c-content-id=\"productAlert\" data-csa-c-slot-id=\"productAlert_feature_div\" data-csa-c-asin=\"1956560041\" data-csa-c-is-in-initial-active-row=\"false\" data-csa-c-id=\"yhkm8f-ogec1y-9yri1m-v0b7eu\" data-cel-widget=\"productAlert_feature_div\">\n<div class=\"a-expander-collapsed-height a-row a-expander-container a-spacing-base a-expander-partial-collapse-container\" data-a-expander-name=\"book_description_expander\" data-a-expander-collapsed-height=\"140\">\n<div class=\"a-expander-content a-expander-partial-collapse-content a-expander-content-expanded\" aria-expanded=\"true\">\n<div class=\"a-expander-content a-expander-partial-collapse-content a-expander-content-expanded\" aria-expanded=\"true\">\n<div class=\"col sqs-col-6 span-6\">\n<div id=\"block-708872254ab9fd1ba185\" class=\"sqs-block html-block sqs-block-html\" data-block-type=\"2\">\n<div class=\"sqs-block-content\">\n<div class=\"sqs-html-content\">\n<p>The Christmas countdown is on, and Bear is hard at work helping Santa at the North Pole! From building toys to packing the sleigh and delivering presents, the festive excitement never ends.<\/p>\n<p>You\u2019re invited to join the adventure too! With interactive push, pull, and turn mechanisms, little hands can bring the story to life, guiding Bear through each joyful scene. Brimming with charming details to spot and talk about, this engaging tale sparks imagination, builds confidence, and inspires a love for books\u2014perfect for little elves in training!<\/p>\n<\/div>\n<\/div>\n<\/div>\n<\/div>\n<\/div>\n<\/div>\n<\/div>\n<\/div>\n<\/div>\n<p><strong>Recommended age: 1-3 years.<\/strong><\/p>\n<p><strong>Shipping:<\/strong> 2-5 days<\/p>\n","protected":false},"featured_media":68461,"template":"","meta":[],"product_brand":[],"product_cat":[2092,2094,2117,2118,2204,2172,2161],"product_tag":[52,180,544],"class_list":{"0":"post-68465","1":"product","2":"type-product","3":"status-publish","4":"has-post-thumbnail","6":"product_cat-books-en","7":"product_cat-children-books","8":"product_cat-morfem","9":"product_cat-fairytale-worlds-book-club","10":"product_cat-my-first-book","11":"product_cat-celebrations","12":"product_cat-winter-books","13":"product_tag-1-3-years-old","14":"product_tag-board-book","15":"product_tag-christmas","17":"first","18":"instock","19":"shipping-taxable","20":"purchasable","21":"product-type-simple"},"yoast_head":"<!-- This site is optimized with the Yoast SEO Premium plugin v20.9 (Yoast SEO v26.9) - https:\/\/yoast.com\/product\/yoast-seo-premium-wordpress\/ -->\n<title>Benji Davies: Pridni medo - Bo\u017ei\u010dkov pomo\u010dnik | Malih nog naokrog<\/title>\n<meta name=\"description\" content=\"At Malih nog naokrog you will find a large selection of rainbow-coloured natural toys for creative, open-ended play - and the most magical childhood memories!\" \/>\n<meta name=\"robots\" content=\"index, follow, max-snippet:-1, max-image-preview:large, max-video-preview:-1\" \/>\n<link rel=\"canonical\" href=\"https:\/\/www.malihnog.com\/en\/product\/benji-davies-pridni-medo-bozickov-pomocnik\/\" \/>\n<meta property=\"og:locale\" content=\"en_US\" \/>\n<meta property=\"og:type\" content=\"article\" \/>\n<meta property=\"og:title\" content=\"Benji Davies: Pridni medo - Bo\u017ei\u010dkov pomo\u010dnik | Malih nog naokrog\" \/>\n<meta property=\"og:description\" content=\"At Malih nog naokrog we believe in the power of play and childhood filled with creative play and adventures. We offer a wide and curated selection of high quality natural toys, art materials and accessories to enrich these magical years!\" \/>\n<meta property=\"og:url\" content=\"https:\/\/www.malihnog.com\/en\/product\/benji-davies-pridni-medo-bozickov-pomocnik\/\" \/>\n<meta property=\"og:site_name\" content=\"Malih nog naokrog\" \/>\n<meta property=\"article:publisher\" content=\"https:\/\/www.facebook.com\/malihnognaokrog\/\" \/>\n<meta property=\"article:modified_time\" content=\"2025-01-19T13:06:05+00:00\" \/>\n<meta property=\"og:image\" content=\"https:\/\/www.malihnog.com\/wp-content\/uploads\/2025\/01\/Morfem_Benji-Davies_Pridni-medo_Bozickov_pomocnik_ISBN9789617067279.jpg\" \/>\n\t<meta property=\"og:image:width\" content=\"1080\" \/>\n\t<meta property=\"og:image:height\" content=\"1080\" \/>\n\t<meta property=\"og:image:type\" content=\"image\/jpeg\" \/>\n<meta name=\"twitter:card\" content=\"summary_large_image\" \/>\n<meta name=\"twitter:label1\" content=\"Price\" \/>\n\t<meta name=\"twitter:data1\" content=\"&euro;16,90\" \/>\n\t<meta name=\"twitter:label2\" content=\"Availability\" \/>\n\t<meta name=\"twitter:data2\" content=\"In stock\" \/>\n<script type=\"application\/ld+json\" class=\"yoast-schema-graph\">{\"@context\":\"https:\/\/schema.org\",\"@graph\":[{\"@type\":\"WebPage\",\"@id\":\"https:\/\/www.malihnog.com\/en\/product\/benji-davies-pridni-medo-bozickov-pomocnik\/\",\"url\":\"https:\/\/www.malihnog.com\/en\/product\/benji-davies-pridni-medo-bozickov-pomocnik\/\",\"name\":\"Benji Davies: Pridni medo - Bo\u017ei\u010dkov pomo\u010dnik | Malih nog naokrog\",\"isPartOf\":{\"@id\":\"https:\/\/www.malihnog.com\/#website\"},\"primaryImageOfPage\":{\"@id\":\"https:\/\/www.malihnog.com\/en\/product\/benji-davies-pridni-medo-bozickov-pomocnik\/#primaryimage\"},\"image\":{\"@id\":\"https:\/\/www.malihnog.com\/en\/product\/benji-davies-pridni-medo-bozickov-pomocnik\/#primaryimage\"},\"thumbnailUrl\":\"https:\/\/www.malihnog.com\/wp-content\/uploads\/2025\/01\/Morfem_Benji-Davies_Pridni-medo_Bozickov_pomocnik_ISBN9789617067279.jpg\",\"datePublished\":\"2025-01-19T12:52:27+00:00\",\"dateModified\":\"2025-01-19T13:06:05+00:00\",\"description\":\"At Malih nog naokrog you will find a large selection of rainbow-coloured natural toys for creative, open-ended play - and the most magical childhood memories!\",\"breadcrumb\":{\"@id\":\"https:\/\/www.malihnog.com\/en\/product\/benji-davies-pridni-medo-bozickov-pomocnik\/#breadcrumb\"},\"inLanguage\":\"en-US\",\"potentialAction\":[{\"@type\":\"ReadAction\",\"target\":[\"https:\/\/www.malihnog.com\/en\/product\/benji-davies-pridni-medo-bozickov-pomocnik\/\"]}]},{\"@type\":\"ImageObject\",\"inLanguage\":\"en-US\",\"@id\":\"https:\/\/www.malihnog.com\/en\/product\/benji-davies-pridni-medo-bozickov-pomocnik\/#primaryimage\",\"url\":\"https:\/\/www.malihnog.com\/wp-content\/uploads\/2025\/01\/Morfem_Benji-Davies_Pridni-medo_Bozickov_pomocnik_ISBN9789617067279.jpg\",\"contentUrl\":\"https:\/\/www.malihnog.com\/wp-content\/uploads\/2025\/01\/Morfem_Benji-Davies_Pridni-medo_Bozickov_pomocnik_ISBN9789617067279.jpg\",\"width\":1080,\"height\":1080},{\"@type\":\"BreadcrumbList\",\"@id\":\"https:\/\/www.malihnog.com\/en\/product\/benji-davies-pridni-medo-bozickov-pomocnik\/#breadcrumb\",\"itemListElement\":[{\"@type\":\"ListItem\",\"position\":1,\"name\":\"Home\",\"item\":\"https:\/\/www.malihnog.com\/en\/\"},{\"@type\":\"ListItem\",\"position\":2,\"name\":\"Shop\",\"item\":\"https:\/\/www.malihnog.com\/en\/shop\/\"},{\"@type\":\"ListItem\",\"position\":3,\"name\":\"Benji Davies: Pridni medo &#8211; Bo\u017ei\u010dkov pomo\u010dnik\"}]},{\"@type\":\"WebSite\",\"@id\":\"https:\/\/www.malihnog.com\/#website\",\"url\":\"https:\/\/www.malihnog.com\/\",\"name\":\"Malih nog naokrog\",\"description\":\"Play matters\",\"publisher\":{\"@id\":\"https:\/\/www.malihnog.com\/#organization\"},\"potentialAction\":[{\"@type\":\"SearchAction\",\"target\":{\"@type\":\"EntryPoint\",\"urlTemplate\":\"https:\/\/www.malihnog.com\/?s={search_term_string}\"},\"query-input\":{\"@type\":\"PropertyValueSpecification\",\"valueRequired\":true,\"valueName\":\"search_term_string\"}}],\"inLanguage\":\"en-US\"},{\"@type\":\"Organization\",\"@id\":\"https:\/\/www.malihnog.com\/#organization\",\"name\":\"Malih nog naokrog\",\"url\":\"https:\/\/www.malihnog.com\/\",\"logo\":{\"@type\":\"ImageObject\",\"inLanguage\":\"en-US\",\"@id\":\"https:\/\/www.malihnog.com\/#\/schema\/logo\/image\/\",\"url\":\"https:\/\/www.malihnog.com\/wp-content\/uploads\/2021\/02\/Logo_Website_New3.jpg\",\"contentUrl\":\"https:\/\/www.malihnog.com\/wp-content\/uploads\/2021\/02\/Logo_Website_New3.jpg\",\"width\":540,\"height\":540,\"caption\":\"Malih nog naokrog\"},\"image\":{\"@id\":\"https:\/\/www.malihnog.com\/#\/schema\/logo\/image\/\"},\"sameAs\":[\"https:\/\/www.facebook.com\/malihnognaokrog\/\",\"https:\/\/www.instagram.com\/malihnognaokrog\/\"]}]}<\/script>\n<meta property=\"product:price:amount\" content=\"16.90\" \/>\n<meta property=\"product:price:currency\" content=\"EUR\" \/>\n<meta property=\"og:availability\" content=\"instock\" \/>\n<meta property=\"product:availability\" content=\"instock\" \/>\n<meta property=\"product:retailer_item_id\" content=\"ISBN9789617067279\" \/>\n<meta property=\"product:condition\" content=\"new\" \/>\n<!-- \/ Yoast SEO Premium plugin. -->","yoast_head_json":{"title":"Benji Davies: Pridni medo - Bo\u017ei\u010dkov pomo\u010dnik | Malih nog naokrog","description":"At Malih nog naokrog you will find a large selection of rainbow-coloured natural toys for creative, open-ended play - and the most magical childhood memories!","robots":{"index":"index","follow":"follow","max-snippet":"max-snippet:-1","max-image-preview":"max-image-preview:large","max-video-preview":"max-video-preview:-1"},"canonical":"https:\/\/www.malihnog.com\/en\/product\/benji-davies-pridni-medo-bozickov-pomocnik\/","og_locale":"en_US","og_type":"article","og_title":"Benji Davies: Pridni medo - Bo\u017ei\u010dkov pomo\u010dnik | Malih nog naokrog","og_description":"At Malih nog naokrog we believe in the power of play and childhood filled with creative play and adventures. We offer a wide and curated selection of high quality natural toys, art materials and accessories to enrich these magical years!","og_url":"https:\/\/www.malihnog.com\/en\/product\/benji-davies-pridni-medo-bozickov-pomocnik\/","og_site_name":"Malih nog naokrog","article_publisher":"https:\/\/www.facebook.com\/malihnognaokrog\/","article_modified_time":"2025-01-19T13:06:05+00:00","og_image":[{"width":1080,"height":1080,"url":"https:\/\/www.malihnog.com\/wp-content\/uploads\/2025\/01\/Morfem_Benji-Davies_Pridni-medo_Bozickov_pomocnik_ISBN9789617067279.jpg","type":"image\/jpeg"}],"twitter_card":"summary_large_image","twitter_misc":{"Price":"&euro;16,90","Availability":"In stock"},"schema":{"@context":"https:\/\/schema.org","@graph":[{"@type":"WebPage","@id":"https:\/\/www.malihnog.com\/en\/product\/benji-davies-pridni-medo-bozickov-pomocnik\/","url":"https:\/\/www.malihnog.com\/en\/product\/benji-davies-pridni-medo-bozickov-pomocnik\/","name":"Benji Davies: Pridni medo - Bo\u017ei\u010dkov pomo\u010dnik | Malih nog naokrog","isPartOf":{"@id":"https:\/\/www.malihnog.com\/#website"},"primaryImageOfPage":{"@id":"https:\/\/www.malihnog.com\/en\/product\/benji-davies-pridni-medo-bozickov-pomocnik\/#primaryimage"},"image":{"@id":"https:\/\/www.malihnog.com\/en\/product\/benji-davies-pridni-medo-bozickov-pomocnik\/#primaryimage"},"thumbnailUrl":"https:\/\/www.malihnog.com\/wp-content\/uploads\/2025\/01\/Morfem_Benji-Davies_Pridni-medo_Bozickov_pomocnik_ISBN9789617067279.jpg","datePublished":"2025-01-19T12:52:27+00:00","dateModified":"2025-01-19T13:06:05+00:00","description":"At Malih nog naokrog you will find a large selection of rainbow-coloured natural toys for creative, open-ended play - and the most magical childhood memories!","breadcrumb":{"@id":"https:\/\/www.malihnog.com\/en\/product\/benji-davies-pridni-medo-bozickov-pomocnik\/#breadcrumb"},"inLanguage":"en-US","potentialAction":[{"@type":"ReadAction","target":["https:\/\/www.malihnog.com\/en\/product\/benji-davies-pridni-medo-bozickov-pomocnik\/"]}]},{"@type":"ImageObject","inLanguage":"en-US","@id":"https:\/\/www.malihnog.com\/en\/product\/benji-davies-pridni-medo-bozickov-pomocnik\/#primaryimage","url":"https:\/\/www.malihnog.com\/wp-content\/uploads\/2025\/01\/Morfem_Benji-Davies_Pridni-medo_Bozickov_pomocnik_ISBN9789617067279.jpg","contentUrl":"https:\/\/www.malihnog.com\/wp-content\/uploads\/2025\/01\/Morfem_Benji-Davies_Pridni-medo_Bozickov_pomocnik_ISBN9789617067279.jpg","width":1080,"height":1080},{"@type":"BreadcrumbList","@id":"https:\/\/www.malihnog.com\/en\/product\/benji-davies-pridni-medo-bozickov-pomocnik\/#breadcrumb","itemListElement":[{"@type":"ListItem","position":1,"name":"Home","item":"https:\/\/www.malihnog.com\/en\/"},{"@type":"ListItem","position":2,"name":"Shop","item":"https:\/\/www.malihnog.com\/en\/shop\/"},{"@type":"ListItem","position":3,"name":"Benji Davies: Pridni medo &#8211; Bo\u017ei\u010dkov pomo\u010dnik"}]},{"@type":"WebSite","@id":"https:\/\/www.malihnog.com\/#website","url":"https:\/\/www.malihnog.com\/","name":"Malih nog naokrog","description":"Play matters","publisher":{"@id":"https:\/\/www.malihnog.com\/#organization"},"potentialAction":[{"@type":"SearchAction","target":{"@type":"EntryPoint","urlTemplate":"https:\/\/www.malihnog.com\/?s={search_term_string}"},"query-input":{"@type":"PropertyValueSpecification","valueRequired":true,"valueName":"search_term_string"}}],"inLanguage":"en-US"},{"@type":"Organization","@id":"https:\/\/www.malihnog.com\/#organization","name":"Malih nog naokrog","url":"https:\/\/www.malihnog.com\/","logo":{"@type":"ImageObject","inLanguage":"en-US","@id":"https:\/\/www.malihnog.com\/#\/schema\/logo\/image\/","url":"https:\/\/www.malihnog.com\/wp-content\/uploads\/2021\/02\/Logo_Website_New3.jpg","contentUrl":"https:\/\/www.malihnog.com\/wp-content\/uploads\/2021\/02\/Logo_Website_New3.jpg","width":540,"height":540,"caption":"Malih nog naokrog"},"image":{"@id":"https:\/\/www.malihnog.com\/#\/schema\/logo\/image\/"},"sameAs":["https:\/\/www.facebook.com\/malihnognaokrog\/","https:\/\/www.instagram.com\/malihnognaokrog\/"]}]},"product_price_amount":"16.90","product_price_currency":"EUR","og_availability":"instock","product_availability":"instock","product_retailer_item_id":"ISBN9789617067279","product_condition":"new"},"jetpack_sharing_enabled":true,"_links":{"self":[{"href":"https:\/\/www.malihnog.com\/en\/wp-json\/wp\/v2\/product\/68465","targetHints":{"allow":["GET"]}}],"collection":[{"href":"https:\/\/www.malihnog.com\/en\/wp-json\/wp\/v2\/product"}],"about":[{"href":"https:\/\/www.malihnog.com\/en\/wp-json\/wp\/v2\/types\/product"}],"wp:featuredmedia":[{"embeddable":true,"href":"https:\/\/www.malihnog.com\/en\/wp-json\/wp\/v2\/media\/68461"}],"wp:attachment":[{"href":"https:\/\/www.malihnog.com\/en\/wp-json\/wp\/v2\/media?parent=68465"}],"wp:term":[{"taxonomy":"product_brand","embeddable":true,"href":"https:\/\/www.malihnog.com\/en\/wp-json\/wp\/v2\/product_brand?post=68465"},{"taxonomy":"product_cat","embeddable":true,"href":"https:\/\/www.malihnog.com\/en\/wp-json\/wp\/v2\/product_cat?post=68465"},{"taxonomy":"product_tag","embeddable":true,"href":"https:\/\/www.malihnog.com\/en\/wp-json\/wp\/v2\/product_tag?post=68465"}],"curies":[{"name":"wp","href":"https:\/\/api.w.org\/{rel}","templated":true}]}}