{"id":68915,"date":"2025-02-14T10:13:27","date_gmt":"2025-02-14T09:13:27","guid":{"rendered":"https:\/\/www.malihnog.com\/?post_type=product&#038;p=68915"},"modified":"2026-02-17T14:03:22","modified_gmt":"2026-02-17T13:03:22","slug":"felicity-brooks-peekaboo-sola-je-tu","status":"publish","type":"product","link":"https:\/\/www.malihnog.com\/en\/product\/felicity-brooks-peekaboo-sola-je-tu\/","title":{"rendered":"Felicity Brooks: Peekaboo, \u0161ola je tu!"},"content":{"rendered":"<p><strong>Product information:<\/strong><\/p>\n<ul>\n<li><strong><strong>ISBN: 99789617219111<\/strong><\/strong><\/li>\n<li><strong>Illustrator:<\/strong> Marina Aizen<\/li>\n<li><strong>Translators:<\/strong> Mateja Tu\u0161ek in Kristina Pra\u0161nikar \u0106ehi\u0107<\/li>\n<li><strong>Language<\/strong>: Slovene edition<\/li>\n<li><strong>Format<\/strong>: 21.6 x 27.6 cm, 40 pages , hardcover.<\/li>\n<li><strong>Recommended age<\/strong>: 4-8 years.<\/li>\n<li><strong>Publisher<\/strong>: <a href=\"https:\/\/www.malihnog.com\/en\/product-category\/books-en\/by-publisher\/grafenauer\/\">Grafenauer<\/a><\/li>\n<li><strong>Date of publishing<\/strong>: 2025<\/li>\n<\/ul>\n<p>&nbsp;<\/p>\n","protected":false},"excerpt":{"rendered":"<div class=\"flex-1 overflow-hidden\">\n<div class=\"react-scroll-to-bottom--css-ibhrw-79elbk h-full\">\n<div class=\"react-scroll-to-bottom--css-ibhrw-1n7m0yu\">\n<div class=\"flex flex-col text-sm pb-9\">\n<div class=\"w-full text-token-text-primary\" data-testid=\"conversation-turn-638\">\n<div class=\"px-4 py-2 justify-center text-base md:gap-6 m-auto\">\n<div class=\"flex flex-1 text-base mx-auto gap-3 md:px-5 lg:px-1 xl:px-5 md:max-w-3xl lg:max-w-[40rem] xl:max-w-[48rem] group final-completion\">\n<div class=\"relative flex w-full flex-col agent-turn\">\n<div class=\"flex-col gap-1 md:gap-3\">\n<div class=\"flex flex-grow flex-col max-w-full\">\n<div class=\"min-h-[20px] text-message flex flex-col items-start gap-3 whitespace-pre-wrap break-words [.text-message+&amp;]:mt-5 overflow-x-auto\" data-message-author-role=\"assistant\" data-message-id=\"2f0a8f9d-4fcf-42c5-b673-22acfbea1b37\">\n<div class=\"markdown prose w-full break-words dark:prose-invert light\">\n<p data-start=\"0\" data-end=\"49\">Learn English with Adorable Animal Friends! Join cute animal friends on a fun-filled school day while discovering your first English words and phrases! The playful, detail-rich illustrations encourage observation, conversation, and language learning in a natural and engaging way.<\/p>\n<p data-start=\"291\" data-end=\"564\" data-is-last-node=\"\">This picture book includes helpful guidance for adults and a QR code with interactive tasks and activities for extra practice. Developed in collaboration with primary school educators and English teachers, it&#8217;s the perfect way to introduce young learners to a new language!<\/p>\n<\/div>\n<\/div>\n<\/div>\n<\/div>\n<\/div>\n<\/div>\n<\/div>\n<\/div>\n<\/div>\n<\/div>\n<\/div>\n<\/div>\n<p><strong>Recommended age: 4-8 years.<\/strong><\/p>\n<p><strong>Shipping:<\/strong> 2-5 days<\/p>\n","protected":false},"featured_media":68917,"template":"","meta":[],"product_brand":[],"product_cat":[2092,2094,2114,2202,2160],"product_tag":[84,2122],"class_list":{"0":"post-68915","1":"product","2":"type-product","3":"status-publish","4":"has-post-thumbnail","6":"product_cat-books-en","7":"product_cat-children-books","8":"product_cat-grafenauer","9":"product_cat-everyday-life","10":"product_cat-autumn-books","11":"product_tag-3-6-years-old","12":"product_tag-picture-book","14":"first","15":"instock","16":"shipping-taxable","17":"purchasable","18":"product-type-simple"},"yoast_head":"<!-- This site is optimized with the Yoast SEO Premium plugin v20.9 (Yoast SEO v26.9) - https:\/\/yoast.com\/product\/yoast-seo-premium-wordpress\/ -->\n<title>Felicity Brooks: Peekaboo, \u0161ola je tu! | Malih nog naokrog<\/title>\n<meta name=\"description\" content=\"At Malih nog naokrog you will find a large selection of rainbow-coloured natural toys for creative, open-ended play - and the most magical childhood memories!\" \/>\n<meta name=\"robots\" content=\"index, follow, max-snippet:-1, max-image-preview:large, max-video-preview:-1\" \/>\n<link rel=\"canonical\" href=\"https:\/\/www.malihnog.com\/en\/product\/felicity-brooks-peekaboo-sola-je-tu\/\" \/>\n<meta property=\"og:locale\" content=\"en_US\" \/>\n<meta property=\"og:type\" content=\"article\" \/>\n<meta property=\"og:title\" content=\"Felicity Brooks: Peekaboo, \u0161ola je tu! | Malih nog naokrog\" \/>\n<meta property=\"og:description\" content=\"At Malih nog naokrog we believe in the power of play and childhood filled with creative play and adventures. We offer a wide and curated selection of high quality natural toys, art materials and accessories to enrich these magical years!\" \/>\n<meta property=\"og:url\" content=\"https:\/\/www.malihnog.com\/en\/product\/felicity-brooks-peekaboo-sola-je-tu\/\" \/>\n<meta property=\"og:site_name\" content=\"Malih nog naokrog\" \/>\n<meta property=\"article:publisher\" content=\"https:\/\/www.facebook.com\/malihnognaokrog\/\" \/>\n<meta property=\"article:modified_time\" content=\"2026-02-17T13:03:22+00:00\" \/>\n<meta property=\"og:image\" content=\"https:\/\/www.malihnog.com\/wp-content\/uploads\/2025\/02\/Grafenauer_Peekaboo_sola-je-tu_angleska_knjiga-za-otroke_ISBN9789617219111.jpg\" \/>\n\t<meta property=\"og:image:width\" content=\"1080\" \/>\n\t<meta property=\"og:image:height\" content=\"1080\" \/>\n\t<meta property=\"og:image:type\" content=\"image\/jpeg\" \/>\n<meta name=\"twitter:card\" content=\"summary_large_image\" \/>\n<meta name=\"twitter:label1\" content=\"Price\" \/>\n\t<meta name=\"twitter:data1\" content=\"&euro;24,95\" \/>\n\t<meta name=\"twitter:label2\" content=\"Availability\" \/>\n\t<meta name=\"twitter:data2\" content=\"In stock\" \/>\n<script type=\"application\/ld+json\" class=\"yoast-schema-graph\">{\"@context\":\"https:\/\/schema.org\",\"@graph\":[{\"@type\":\"WebPage\",\"@id\":\"https:\/\/www.malihnog.com\/en\/product\/felicity-brooks-peekaboo-sola-je-tu\/\",\"url\":\"https:\/\/www.malihnog.com\/en\/product\/felicity-brooks-peekaboo-sola-je-tu\/\",\"name\":\"Felicity Brooks: Peekaboo, \u0161ola je tu! | Malih nog naokrog\",\"isPartOf\":{\"@id\":\"https:\/\/www.malihnog.com\/#website\"},\"primaryImageOfPage\":{\"@id\":\"https:\/\/www.malihnog.com\/en\/product\/felicity-brooks-peekaboo-sola-je-tu\/#primaryimage\"},\"image\":{\"@id\":\"https:\/\/www.malihnog.com\/en\/product\/felicity-brooks-peekaboo-sola-je-tu\/#primaryimage\"},\"thumbnailUrl\":\"https:\/\/www.malihnog.com\/wp-content\/uploads\/2025\/02\/Grafenauer_Peekaboo_sola-je-tu_angleska_knjiga-za-otroke_ISBN9789617219111.jpg\",\"datePublished\":\"2025-02-14T09:13:27+00:00\",\"dateModified\":\"2026-02-17T13:03:22+00:00\",\"description\":\"At Malih nog naokrog you will find a large selection of rainbow-coloured natural toys for creative, open-ended play - and the most magical childhood memories!\",\"breadcrumb\":{\"@id\":\"https:\/\/www.malihnog.com\/en\/product\/felicity-brooks-peekaboo-sola-je-tu\/#breadcrumb\"},\"inLanguage\":\"en-US\",\"potentialAction\":[{\"@type\":\"ReadAction\",\"target\":[\"https:\/\/www.malihnog.com\/en\/product\/felicity-brooks-peekaboo-sola-je-tu\/\"]}]},{\"@type\":\"ImageObject\",\"inLanguage\":\"en-US\",\"@id\":\"https:\/\/www.malihnog.com\/en\/product\/felicity-brooks-peekaboo-sola-je-tu\/#primaryimage\",\"url\":\"https:\/\/www.malihnog.com\/wp-content\/uploads\/2025\/02\/Grafenauer_Peekaboo_sola-je-tu_angleska_knjiga-za-otroke_ISBN9789617219111.jpg\",\"contentUrl\":\"https:\/\/www.malihnog.com\/wp-content\/uploads\/2025\/02\/Grafenauer_Peekaboo_sola-je-tu_angleska_knjiga-za-otroke_ISBN9789617219111.jpg\",\"width\":1080,\"height\":1080},{\"@type\":\"BreadcrumbList\",\"@id\":\"https:\/\/www.malihnog.com\/en\/product\/felicity-brooks-peekaboo-sola-je-tu\/#breadcrumb\",\"itemListElement\":[{\"@type\":\"ListItem\",\"position\":1,\"name\":\"Home\",\"item\":\"https:\/\/www.malihnog.com\/en\/\"},{\"@type\":\"ListItem\",\"position\":2,\"name\":\"Shop\",\"item\":\"https:\/\/www.malihnog.com\/en\/shop\/\"},{\"@type\":\"ListItem\",\"position\":3,\"name\":\"Felicity Brooks: Peekaboo, \u0161ola je tu!\"}]},{\"@type\":\"WebSite\",\"@id\":\"https:\/\/www.malihnog.com\/#website\",\"url\":\"https:\/\/www.malihnog.com\/\",\"name\":\"Malih nog naokrog\",\"description\":\"Play matters\",\"publisher\":{\"@id\":\"https:\/\/www.malihnog.com\/#organization\"},\"potentialAction\":[{\"@type\":\"SearchAction\",\"target\":{\"@type\":\"EntryPoint\",\"urlTemplate\":\"https:\/\/www.malihnog.com\/?s={search_term_string}\"},\"query-input\":{\"@type\":\"PropertyValueSpecification\",\"valueRequired\":true,\"valueName\":\"search_term_string\"}}],\"inLanguage\":\"en-US\"},{\"@type\":\"Organization\",\"@id\":\"https:\/\/www.malihnog.com\/#organization\",\"name\":\"Malih nog naokrog\",\"url\":\"https:\/\/www.malihnog.com\/\",\"logo\":{\"@type\":\"ImageObject\",\"inLanguage\":\"en-US\",\"@id\":\"https:\/\/www.malihnog.com\/#\/schema\/logo\/image\/\",\"url\":\"https:\/\/www.malihnog.com\/wp-content\/uploads\/2021\/02\/Logo_Website_New3.jpg\",\"contentUrl\":\"https:\/\/www.malihnog.com\/wp-content\/uploads\/2021\/02\/Logo_Website_New3.jpg\",\"width\":540,\"height\":540,\"caption\":\"Malih nog naokrog\"},\"image\":{\"@id\":\"https:\/\/www.malihnog.com\/#\/schema\/logo\/image\/\"},\"sameAs\":[\"https:\/\/www.facebook.com\/malihnognaokrog\/\",\"https:\/\/www.instagram.com\/malihnognaokrog\/\"]}]}<\/script>\n<meta property=\"product:price:amount\" content=\"24.95\" \/>\n<meta property=\"product:price:currency\" content=\"EUR\" \/>\n<meta property=\"og:availability\" content=\"instock\" \/>\n<meta property=\"product:availability\" content=\"instock\" \/>\n<meta property=\"product:retailer_item_id\" content=\"ISBN99789617219111\" \/>\n<meta property=\"product:condition\" content=\"new\" \/>\n<!-- \/ Yoast SEO Premium plugin. -->","yoast_head_json":{"title":"Felicity Brooks: Peekaboo, \u0161ola je tu! | Malih nog naokrog","description":"At Malih nog naokrog you will find a large selection of rainbow-coloured natural toys for creative, open-ended play - and the most magical childhood memories!","robots":{"index":"index","follow":"follow","max-snippet":"max-snippet:-1","max-image-preview":"max-image-preview:large","max-video-preview":"max-video-preview:-1"},"canonical":"https:\/\/www.malihnog.com\/en\/product\/felicity-brooks-peekaboo-sola-je-tu\/","og_locale":"en_US","og_type":"article","og_title":"Felicity Brooks: Peekaboo, \u0161ola je tu! | Malih nog naokrog","og_description":"At Malih nog naokrog we believe in the power of play and childhood filled with creative play and adventures. We offer a wide and curated selection of high quality natural toys, art materials and accessories to enrich these magical years!","og_url":"https:\/\/www.malihnog.com\/en\/product\/felicity-brooks-peekaboo-sola-je-tu\/","og_site_name":"Malih nog naokrog","article_publisher":"https:\/\/www.facebook.com\/malihnognaokrog\/","article_modified_time":"2026-02-17T13:03:22+00:00","og_image":[{"width":1080,"height":1080,"url":"https:\/\/www.malihnog.com\/wp-content\/uploads\/2025\/02\/Grafenauer_Peekaboo_sola-je-tu_angleska_knjiga-za-otroke_ISBN9789617219111.jpg","type":"image\/jpeg"}],"twitter_card":"summary_large_image","twitter_misc":{"Price":"&euro;24,95","Availability":"In stock"},"schema":{"@context":"https:\/\/schema.org","@graph":[{"@type":"WebPage","@id":"https:\/\/www.malihnog.com\/en\/product\/felicity-brooks-peekaboo-sola-je-tu\/","url":"https:\/\/www.malihnog.com\/en\/product\/felicity-brooks-peekaboo-sola-je-tu\/","name":"Felicity Brooks: Peekaboo, \u0161ola je tu! | Malih nog naokrog","isPartOf":{"@id":"https:\/\/www.malihnog.com\/#website"},"primaryImageOfPage":{"@id":"https:\/\/www.malihnog.com\/en\/product\/felicity-brooks-peekaboo-sola-je-tu\/#primaryimage"},"image":{"@id":"https:\/\/www.malihnog.com\/en\/product\/felicity-brooks-peekaboo-sola-je-tu\/#primaryimage"},"thumbnailUrl":"https:\/\/www.malihnog.com\/wp-content\/uploads\/2025\/02\/Grafenauer_Peekaboo_sola-je-tu_angleska_knjiga-za-otroke_ISBN9789617219111.jpg","datePublished":"2025-02-14T09:13:27+00:00","dateModified":"2026-02-17T13:03:22+00:00","description":"At Malih nog naokrog you will find a large selection of rainbow-coloured natural toys for creative, open-ended play - and the most magical childhood memories!","breadcrumb":{"@id":"https:\/\/www.malihnog.com\/en\/product\/felicity-brooks-peekaboo-sola-je-tu\/#breadcrumb"},"inLanguage":"en-US","potentialAction":[{"@type":"ReadAction","target":["https:\/\/www.malihnog.com\/en\/product\/felicity-brooks-peekaboo-sola-je-tu\/"]}]},{"@type":"ImageObject","inLanguage":"en-US","@id":"https:\/\/www.malihnog.com\/en\/product\/felicity-brooks-peekaboo-sola-je-tu\/#primaryimage","url":"https:\/\/www.malihnog.com\/wp-content\/uploads\/2025\/02\/Grafenauer_Peekaboo_sola-je-tu_angleska_knjiga-za-otroke_ISBN9789617219111.jpg","contentUrl":"https:\/\/www.malihnog.com\/wp-content\/uploads\/2025\/02\/Grafenauer_Peekaboo_sola-je-tu_angleska_knjiga-za-otroke_ISBN9789617219111.jpg","width":1080,"height":1080},{"@type":"BreadcrumbList","@id":"https:\/\/www.malihnog.com\/en\/product\/felicity-brooks-peekaboo-sola-je-tu\/#breadcrumb","itemListElement":[{"@type":"ListItem","position":1,"name":"Home","item":"https:\/\/www.malihnog.com\/en\/"},{"@type":"ListItem","position":2,"name":"Shop","item":"https:\/\/www.malihnog.com\/en\/shop\/"},{"@type":"ListItem","position":3,"name":"Felicity Brooks: Peekaboo, \u0161ola je tu!"}]},{"@type":"WebSite","@id":"https:\/\/www.malihnog.com\/#website","url":"https:\/\/www.malihnog.com\/","name":"Malih nog naokrog","description":"Play matters","publisher":{"@id":"https:\/\/www.malihnog.com\/#organization"},"potentialAction":[{"@type":"SearchAction","target":{"@type":"EntryPoint","urlTemplate":"https:\/\/www.malihnog.com\/?s={search_term_string}"},"query-input":{"@type":"PropertyValueSpecification","valueRequired":true,"valueName":"search_term_string"}}],"inLanguage":"en-US"},{"@type":"Organization","@id":"https:\/\/www.malihnog.com\/#organization","name":"Malih nog naokrog","url":"https:\/\/www.malihnog.com\/","logo":{"@type":"ImageObject","inLanguage":"en-US","@id":"https:\/\/www.malihnog.com\/#\/schema\/logo\/image\/","url":"https:\/\/www.malihnog.com\/wp-content\/uploads\/2021\/02\/Logo_Website_New3.jpg","contentUrl":"https:\/\/www.malihnog.com\/wp-content\/uploads\/2021\/02\/Logo_Website_New3.jpg","width":540,"height":540,"caption":"Malih nog naokrog"},"image":{"@id":"https:\/\/www.malihnog.com\/#\/schema\/logo\/image\/"},"sameAs":["https:\/\/www.facebook.com\/malihnognaokrog\/","https:\/\/www.instagram.com\/malihnognaokrog\/"]}]},"product_price_amount":"24.95","product_price_currency":"EUR","og_availability":"instock","product_availability":"instock","product_retailer_item_id":"ISBN99789617219111","product_condition":"new"},"jetpack_sharing_enabled":true,"_links":{"self":[{"href":"https:\/\/www.malihnog.com\/en\/wp-json\/wp\/v2\/product\/68915","targetHints":{"allow":["GET"]}}],"collection":[{"href":"https:\/\/www.malihnog.com\/en\/wp-json\/wp\/v2\/product"}],"about":[{"href":"https:\/\/www.malihnog.com\/en\/wp-json\/wp\/v2\/types\/product"}],"wp:featuredmedia":[{"embeddable":true,"href":"https:\/\/www.malihnog.com\/en\/wp-json\/wp\/v2\/media\/68917"}],"wp:attachment":[{"href":"https:\/\/www.malihnog.com\/en\/wp-json\/wp\/v2\/media?parent=68915"}],"wp:term":[{"taxonomy":"product_brand","embeddable":true,"href":"https:\/\/www.malihnog.com\/en\/wp-json\/wp\/v2\/product_brand?post=68915"},{"taxonomy":"product_cat","embeddable":true,"href":"https:\/\/www.malihnog.com\/en\/wp-json\/wp\/v2\/product_cat?post=68915"},{"taxonomy":"product_tag","embeddable":true,"href":"https:\/\/www.malihnog.com\/en\/wp-json\/wp\/v2\/product_tag?post=68915"}],"curies":[{"name":"wp","href":"https:\/\/api.w.org\/{rel}","templated":true}]}}