{"id":75252,"date":"2026-01-08T16:42:36","date_gmt":"2026-01-08T15:42:36","guid":{"rendered":"https:\/\/www.malihnog.com\/?post_type=product&#038;p=75252"},"modified":"2026-01-08T17:05:22","modified_gmt":"2026-01-08T16:05:22","slug":"kidozia-safe-2-in-1-floor-bed-natural","status":"publish","type":"product","link":"https:\/\/www.malihnog.com\/en\/product\/kidozia-safe-2-in-1-floor-bed-natural\/","title":{"rendered":"Kidozia: SAFE 2-in-1 floor bed (natural)"},"content":{"rendered":"<p><strong>PRODUCT SPECIFICATIONS:\u00a0<\/strong><\/p>\n<ul>\n<li>Suitable from early childhood into adulthood.<\/li>\n<li>Material: 100% solid beechwood.<\/li>\n<li>Furniture weight: 54 kg.<\/li>\n<li>Size: 96 x 206 cm. Total bed height: as a floor bed 36 cm, with legs attached 50 cm. Recommended mattress size, 90 x 200 cm with 10 or 15 cm thickness. Sleeping surface height (with 10 cm mattress): as a floor bed 20 cm, with legs attached 40 cm.<\/li>\n<li>Included: bed frame, solid beech wood slats, 4 solid wood legs, screws for assembly.<\/li>\n<li>Needs assembly. Screws needed for assembly are included.<\/li>\n<li>The slats are 21 mm thick for stable, comfortable mattress support. It provides\u00a0better weight distribution, less flexing over time, longer mattress life and higher overall load capacity.<\/li>\n<li>Load capacity: up to 200 kg.<\/li>\n<li>Made in Hungary (EU).<\/li>\n<\/ul>\n<p><strong>IMPORTANT ORDER INFORMATION: <\/strong>Kidozia furniture is shipped directly by the manufacturer. The estimated fulfilment time is 3\u20135 weeks from the date of order. Orders are subject to special delivery conditions and shipping costs, which are calculated at checkout. For all pre- and after-sale enquiries, you are welcome to contact us as the official representative in Slovenia\u00a0at <a class=\"decorated-link cursor-pointer\" rel=\"noopener\" data-start=\"775\" data-end=\"794\">orders@malihnog.com<\/a>.<\/p>\n<p><em>Manufacturer information: Reco Fafeldolgoz\u00f3 Kft. (Hungary, 3060 P\u00e1szt\u00f3, F\u0151 \u00fat 134\/A)<\/em><\/p>\n","protected":false},"excerpt":{"rendered":"<div class=\"wpb_text_column wpb_content_element \">\n<div class=\"wpb_wrapper\">\n<div>\n<p data-start=\"1199\" data-end=\"1326\">Floor beds are inspired by Montessori principles, supporting freedom of movement and children\u2019s independence in a safe, accessible sleeping environment. What makes Kidozia beds unique is that they are designed to grow with the child: they can be used first as a floor bed and later easily transformed into a standard-height bed by attaching the legs included. Made from solid beech wood with rounded edges for both design and maximum safety, the beds are exceptionally solid and stable, built for long-term, everyday use from early childhood into adulthood.<\/p>\n<\/div>\n<\/div>\n<\/div>\n<div class=\"vc_separator wpb_content_element vc_separator_align_center vc_sep_width_100 vc_sep_border_width_2 vc_sep_pos_align_center vc_separator_no_text\"><em>Read more details and important order information below.\u00a0<\/em><\/div>\n","protected":false},"featured_media":75253,"template":"","meta":[],"product_brand":[],"product_cat":[2277,2276],"product_tag":[],"class_list":{"0":"post-75252","1":"product","2":"type-product","3":"status-publish","4":"has-post-thumbnail","6":"product_cat-floor-beds","7":"product_cat-kidozia","9":"first","10":"onbackorder","11":"shipping-taxable","12":"purchasable","13":"product-type-simple"},"yoast_head":"<!-- This site is optimized with the Yoast SEO Premium plugin v20.9 (Yoast SEO v26.9) - https:\/\/yoast.com\/product\/yoast-seo-premium-wordpress\/ -->\n<title>Kidozia: SAFE 2-in-1 floor bed (natural) | Malih nog naokrog<\/title>\n<meta name=\"description\" content=\"At Malih nog naokrog you will find a large selection of rainbow-coloured natural toys for creative, open-ended play - and the most magical childhood memories!\" \/>\n<meta name=\"robots\" content=\"index, follow, max-snippet:-1, max-image-preview:large, max-video-preview:-1\" \/>\n<link rel=\"canonical\" href=\"https:\/\/www.malihnog.com\/en\/product\/kidozia-safe-2-in-1-floor-bed-natural\/\" \/>\n<meta property=\"og:locale\" content=\"en_US\" \/>\n<meta property=\"og:type\" content=\"article\" \/>\n<meta property=\"og:title\" content=\"Kidozia: SAFE 2-in-1 floor bed (natural) | Malih nog naokrog\" \/>\n<meta property=\"og:description\" content=\"At Malih nog naokrog we believe in the power of play and childhood filled with creative play and adventures. We offer a wide and curated selection of high quality natural toys, art materials and accessories to enrich these magical years!\" \/>\n<meta property=\"og:url\" content=\"https:\/\/www.malihnog.com\/en\/product\/kidozia-safe-2-in-1-floor-bed-natural\/\" \/>\n<meta property=\"og:site_name\" content=\"Malih nog naokrog\" \/>\n<meta property=\"article:publisher\" content=\"https:\/\/www.facebook.com\/malihnognaokrog\/\" \/>\n<meta property=\"article:modified_time\" content=\"2026-01-08T16:05:22+00:00\" \/>\n<meta property=\"og:image\" content=\"https:\/\/www.malihnog.com\/wp-content\/uploads\/2026\/01\/kidozia-floorbed-safe-natural.jpg\" \/>\n\t<meta property=\"og:image:width\" content=\"1080\" \/>\n\t<meta property=\"og:image:height\" content=\"1080\" \/>\n\t<meta property=\"og:image:type\" content=\"image\/jpeg\" \/>\n<meta name=\"twitter:card\" content=\"summary_large_image\" \/>\n<meta name=\"twitter:label1\" content=\"Price\" \/>\n\t<meta name=\"twitter:data1\" content=\"&euro;479,00\" \/>\n\t<meta name=\"twitter:label2\" content=\"Availability\" \/>\n\t<meta name=\"twitter:data2\" content=\"On backorder\" \/>\n<script type=\"application\/ld+json\" class=\"yoast-schema-graph\">{\"@context\":\"https:\/\/schema.org\",\"@graph\":[{\"@type\":\"WebPage\",\"@id\":\"https:\/\/www.malihnog.com\/en\/product\/kidozia-safe-2-in-1-floor-bed-natural\/\",\"url\":\"https:\/\/www.malihnog.com\/en\/product\/kidozia-safe-2-in-1-floor-bed-natural\/\",\"name\":\"Kidozia: SAFE 2-in-1 floor bed (natural) | Malih nog naokrog\",\"isPartOf\":{\"@id\":\"https:\/\/www.malihnog.com\/#website\"},\"primaryImageOfPage\":{\"@id\":\"https:\/\/www.malihnog.com\/en\/product\/kidozia-safe-2-in-1-floor-bed-natural\/#primaryimage\"},\"image\":{\"@id\":\"https:\/\/www.malihnog.com\/en\/product\/kidozia-safe-2-in-1-floor-bed-natural\/#primaryimage\"},\"thumbnailUrl\":\"https:\/\/www.malihnog.com\/wp-content\/uploads\/2026\/01\/kidozia-floorbed-safe-natural.jpg\",\"datePublished\":\"2026-01-08T15:42:36+00:00\",\"dateModified\":\"2026-01-08T16:05:22+00:00\",\"description\":\"At Malih nog naokrog you will find a large selection of rainbow-coloured natural toys for creative, open-ended play - and the most magical childhood memories!\",\"breadcrumb\":{\"@id\":\"https:\/\/www.malihnog.com\/en\/product\/kidozia-safe-2-in-1-floor-bed-natural\/#breadcrumb\"},\"inLanguage\":\"en-US\",\"potentialAction\":[{\"@type\":\"ReadAction\",\"target\":[\"https:\/\/www.malihnog.com\/en\/product\/kidozia-safe-2-in-1-floor-bed-natural\/\"]}]},{\"@type\":\"ImageObject\",\"inLanguage\":\"en-US\",\"@id\":\"https:\/\/www.malihnog.com\/en\/product\/kidozia-safe-2-in-1-floor-bed-natural\/#primaryimage\",\"url\":\"https:\/\/www.malihnog.com\/wp-content\/uploads\/2026\/01\/kidozia-floorbed-safe-natural.jpg\",\"contentUrl\":\"https:\/\/www.malihnog.com\/wp-content\/uploads\/2026\/01\/kidozia-floorbed-safe-natural.jpg\",\"width\":1080,\"height\":1080},{\"@type\":\"BreadcrumbList\",\"@id\":\"https:\/\/www.malihnog.com\/en\/product\/kidozia-safe-2-in-1-floor-bed-natural\/#breadcrumb\",\"itemListElement\":[{\"@type\":\"ListItem\",\"position\":1,\"name\":\"Home\",\"item\":\"https:\/\/www.malihnog.com\/en\/\"},{\"@type\":\"ListItem\",\"position\":2,\"name\":\"Shop\",\"item\":\"https:\/\/www.malihnog.com\/en\/shop\/\"},{\"@type\":\"ListItem\",\"position\":3,\"name\":\"Kidozia: SAFE 2-in-1 floor bed (natural)\"}]},{\"@type\":\"WebSite\",\"@id\":\"https:\/\/www.malihnog.com\/#website\",\"url\":\"https:\/\/www.malihnog.com\/\",\"name\":\"Malih nog naokrog\",\"description\":\"Play matters\",\"publisher\":{\"@id\":\"https:\/\/www.malihnog.com\/#organization\"},\"potentialAction\":[{\"@type\":\"SearchAction\",\"target\":{\"@type\":\"EntryPoint\",\"urlTemplate\":\"https:\/\/www.malihnog.com\/?s={search_term_string}\"},\"query-input\":{\"@type\":\"PropertyValueSpecification\",\"valueRequired\":true,\"valueName\":\"search_term_string\"}}],\"inLanguage\":\"en-US\"},{\"@type\":\"Organization\",\"@id\":\"https:\/\/www.malihnog.com\/#organization\",\"name\":\"Malih nog naokrog\",\"url\":\"https:\/\/www.malihnog.com\/\",\"logo\":{\"@type\":\"ImageObject\",\"inLanguage\":\"en-US\",\"@id\":\"https:\/\/www.malihnog.com\/#\/schema\/logo\/image\/\",\"url\":\"https:\/\/www.malihnog.com\/wp-content\/uploads\/2021\/02\/Logo_Website_New3.jpg\",\"contentUrl\":\"https:\/\/www.malihnog.com\/wp-content\/uploads\/2021\/02\/Logo_Website_New3.jpg\",\"width\":540,\"height\":540,\"caption\":\"Malih nog naokrog\"},\"image\":{\"@id\":\"https:\/\/www.malihnog.com\/#\/schema\/logo\/image\/\"},\"sameAs\":[\"https:\/\/www.facebook.com\/malihnognaokrog\/\",\"https:\/\/www.instagram.com\/malihnognaokrog\/\"]}]}<\/script>\n<meta property=\"product:price:amount\" content=\"479.00\" \/>\n<meta property=\"product:price:currency\" content=\"EUR\" \/>\n<meta property=\"og:availability\" content=\"backorder\" \/>\n<meta property=\"product:availability\" content=\"available for order\" \/>\n<meta property=\"product:retailer_item_id\" content=\"KIDFBSAFE_NAT\" \/>\n<meta property=\"product:condition\" content=\"new\" \/>\n<!-- \/ Yoast SEO Premium plugin. -->","yoast_head_json":{"title":"Kidozia: SAFE 2-in-1 floor bed (natural) | Malih nog naokrog","description":"At Malih nog naokrog you will find a large selection of rainbow-coloured natural toys for creative, open-ended play - and the most magical childhood memories!","robots":{"index":"index","follow":"follow","max-snippet":"max-snippet:-1","max-image-preview":"max-image-preview:large","max-video-preview":"max-video-preview:-1"},"canonical":"https:\/\/www.malihnog.com\/en\/product\/kidozia-safe-2-in-1-floor-bed-natural\/","og_locale":"en_US","og_type":"article","og_title":"Kidozia: SAFE 2-in-1 floor bed (natural) | Malih nog naokrog","og_description":"At Malih nog naokrog we believe in the power of play and childhood filled with creative play and adventures. We offer a wide and curated selection of high quality natural toys, art materials and accessories to enrich these magical years!","og_url":"https:\/\/www.malihnog.com\/en\/product\/kidozia-safe-2-in-1-floor-bed-natural\/","og_site_name":"Malih nog naokrog","article_publisher":"https:\/\/www.facebook.com\/malihnognaokrog\/","article_modified_time":"2026-01-08T16:05:22+00:00","og_image":[{"width":1080,"height":1080,"url":"https:\/\/www.malihnog.com\/wp-content\/uploads\/2026\/01\/kidozia-floorbed-safe-natural.jpg","type":"image\/jpeg"}],"twitter_card":"summary_large_image","twitter_misc":{"Price":"&euro;479,00","Availability":"On backorder"},"schema":{"@context":"https:\/\/schema.org","@graph":[{"@type":"WebPage","@id":"https:\/\/www.malihnog.com\/en\/product\/kidozia-safe-2-in-1-floor-bed-natural\/","url":"https:\/\/www.malihnog.com\/en\/product\/kidozia-safe-2-in-1-floor-bed-natural\/","name":"Kidozia: SAFE 2-in-1 floor bed (natural) | Malih nog naokrog","isPartOf":{"@id":"https:\/\/www.malihnog.com\/#website"},"primaryImageOfPage":{"@id":"https:\/\/www.malihnog.com\/en\/product\/kidozia-safe-2-in-1-floor-bed-natural\/#primaryimage"},"image":{"@id":"https:\/\/www.malihnog.com\/en\/product\/kidozia-safe-2-in-1-floor-bed-natural\/#primaryimage"},"thumbnailUrl":"https:\/\/www.malihnog.com\/wp-content\/uploads\/2026\/01\/kidozia-floorbed-safe-natural.jpg","datePublished":"2026-01-08T15:42:36+00:00","dateModified":"2026-01-08T16:05:22+00:00","description":"At Malih nog naokrog you will find a large selection of rainbow-coloured natural toys for creative, open-ended play - and the most magical childhood memories!","breadcrumb":{"@id":"https:\/\/www.malihnog.com\/en\/product\/kidozia-safe-2-in-1-floor-bed-natural\/#breadcrumb"},"inLanguage":"en-US","potentialAction":[{"@type":"ReadAction","target":["https:\/\/www.malihnog.com\/en\/product\/kidozia-safe-2-in-1-floor-bed-natural\/"]}]},{"@type":"ImageObject","inLanguage":"en-US","@id":"https:\/\/www.malihnog.com\/en\/product\/kidozia-safe-2-in-1-floor-bed-natural\/#primaryimage","url":"https:\/\/www.malihnog.com\/wp-content\/uploads\/2026\/01\/kidozia-floorbed-safe-natural.jpg","contentUrl":"https:\/\/www.malihnog.com\/wp-content\/uploads\/2026\/01\/kidozia-floorbed-safe-natural.jpg","width":1080,"height":1080},{"@type":"BreadcrumbList","@id":"https:\/\/www.malihnog.com\/en\/product\/kidozia-safe-2-in-1-floor-bed-natural\/#breadcrumb","itemListElement":[{"@type":"ListItem","position":1,"name":"Home","item":"https:\/\/www.malihnog.com\/en\/"},{"@type":"ListItem","position":2,"name":"Shop","item":"https:\/\/www.malihnog.com\/en\/shop\/"},{"@type":"ListItem","position":3,"name":"Kidozia: SAFE 2-in-1 floor bed (natural)"}]},{"@type":"WebSite","@id":"https:\/\/www.malihnog.com\/#website","url":"https:\/\/www.malihnog.com\/","name":"Malih nog naokrog","description":"Play matters","publisher":{"@id":"https:\/\/www.malihnog.com\/#organization"},"potentialAction":[{"@type":"SearchAction","target":{"@type":"EntryPoint","urlTemplate":"https:\/\/www.malihnog.com\/?s={search_term_string}"},"query-input":{"@type":"PropertyValueSpecification","valueRequired":true,"valueName":"search_term_string"}}],"inLanguage":"en-US"},{"@type":"Organization","@id":"https:\/\/www.malihnog.com\/#organization","name":"Malih nog naokrog","url":"https:\/\/www.malihnog.com\/","logo":{"@type":"ImageObject","inLanguage":"en-US","@id":"https:\/\/www.malihnog.com\/#\/schema\/logo\/image\/","url":"https:\/\/www.malihnog.com\/wp-content\/uploads\/2021\/02\/Logo_Website_New3.jpg","contentUrl":"https:\/\/www.malihnog.com\/wp-content\/uploads\/2021\/02\/Logo_Website_New3.jpg","width":540,"height":540,"caption":"Malih nog naokrog"},"image":{"@id":"https:\/\/www.malihnog.com\/#\/schema\/logo\/image\/"},"sameAs":["https:\/\/www.facebook.com\/malihnognaokrog\/","https:\/\/www.instagram.com\/malihnognaokrog\/"]}]},"product_price_amount":"479.00","product_price_currency":"EUR","og_availability":"backorder","product_availability":"available for order","product_retailer_item_id":"KIDFBSAFE_NAT","product_condition":"new"},"jetpack_sharing_enabled":true,"_links":{"self":[{"href":"https:\/\/www.malihnog.com\/en\/wp-json\/wp\/v2\/product\/75252","targetHints":{"allow":["GET"]}}],"collection":[{"href":"https:\/\/www.malihnog.com\/en\/wp-json\/wp\/v2\/product"}],"about":[{"href":"https:\/\/www.malihnog.com\/en\/wp-json\/wp\/v2\/types\/product"}],"wp:featuredmedia":[{"embeddable":true,"href":"https:\/\/www.malihnog.com\/en\/wp-json\/wp\/v2\/media\/75253"}],"wp:attachment":[{"href":"https:\/\/www.malihnog.com\/en\/wp-json\/wp\/v2\/media?parent=75252"}],"wp:term":[{"taxonomy":"product_brand","embeddable":true,"href":"https:\/\/www.malihnog.com\/en\/wp-json\/wp\/v2\/product_brand?post=75252"},{"taxonomy":"product_cat","embeddable":true,"href":"https:\/\/www.malihnog.com\/en\/wp-json\/wp\/v2\/product_cat?post=75252"},{"taxonomy":"product_tag","embeddable":true,"href":"https:\/\/www.malihnog.com\/en\/wp-json\/wp\/v2\/product_tag?post=75252"}],"curies":[{"name":"wp","href":"https:\/\/api.w.org\/{rel}","templated":true}]}}